{"id":38,"date":"2018-03-06T18:36:49","date_gmt":"2018-03-06T18:36:49","guid":{"rendered":"http:\/\/baraoequipamentos.com.br\/barao\/?page_id=38"},"modified":"2018-06-28T18:27:02","modified_gmt":"2018-06-28T18:27:02","slug":"assistencia-tecnica","status":"publish","type":"page","link":"http:\/\/baraoequipamentos.com.br\/barao\/assistencia-tecnica\/","title":{"rendered":"Assist\u00eancia T\u00e9cnica"},"content":{"rendered":"<p>A Bar\u00e3o Equipamentos presta servi\u00e7os de assist\u00eancia t\u00e9cnica e manuten\u00e7\u00e3o dos equipamentos, baseada em vasta experi\u00eancia no ramo, com seguran\u00e7a e alta qualidade.<\/p>\n<p>Seja qual for o problema apresentado, temos a certeza que podemos apresentar uma solu\u00e7\u00e3o. Nosso objetivo \u00e9 sempre deixar nossos clientes plenamente satisfeitos, pois nossa melhor propaganda \u00e9 a pr\u00f3pria indica\u00e7\u00e3o deles.<\/p>\n<p>Quando acontecem problemas com seus equipamentos, procuramos atender e solucionar o mais r\u00e1pido poss\u00edvel para que sua vida volte ao normal. Tamb\u00e9m procuramos orient\u00e1-lo para uma melhor utiliza\u00e7\u00e3o e com isso, diminuir a ocorr\u00eancia de contratempos.<\/p>\n<p><strong>N\u00e3o se arrisque com novatos ou aventureiros. Confie seu equipamento a quem tem mais de trinta anos de experi\u00eancia!<\/strong><\/p>\n<p>Fa\u00e7a um or\u00e7amento gratuito. Explique o que precisa e receba um or\u00e7amento em at\u00e9 48 horas.<\/p>\n","protected":false},"excerpt":{"rendered":"<p>A Bar\u00e3o Equipamentos presta servi\u00e7os de assist\u00eancia t\u00e9cnica e manuten\u00e7\u00e3o dos equipamentos, baseada em vasta experi\u00eancia no ramo, com seguran\u00e7a e alta qualidade. Seja qual for o problema apresentado, temos a certeza que podemos apresentar uma solu\u00e7\u00e3o. Nosso objetivo \u00e9 sempre deixar nossos clientes plenamente satisfeitos, pois nossa melhor propaganda \u00e9 a pr\u00f3pria indica\u00e7\u00e3o deles. [&hellip;]<\/p>\n","protected":false},"author":1,"featured_media":0,"parent":0,"menu_order":0,"comment_status":"closed","ping_status":"closed","template":"","meta":{"footnotes":""},"_links":{"self":[{"href":"http:\/\/baraoequipamentos.com.br\/barao\/wp-json\/wp\/v2\/pages\/38"}],"collection":[{"href":"http:\/\/baraoequipamentos.com.br\/barao\/wp-json\/wp\/v2\/pages"}],"about":[{"href":"http:\/\/baraoequipamentos.com.br\/barao\/wp-json\/wp\/v2\/types\/page"}],"author":[{"embeddable":true,"href":"http:\/\/baraoequipamentos.com.br\/barao\/wp-json\/wp\/v2\/users\/1"}],"replies":[{"embeddable":true,"href":"http:\/\/baraoequipamentos.com.br\/barao\/wp-json\/wp\/v2\/comments?post=38"}],"version-history":[{"count":3,"href":"http:\/\/baraoequipamentos.com.br\/barao\/wp-json\/wp\/v2\/pages\/38\/revisions"}],"predecessor-version":[{"id":706,"href":"http:\/\/baraoequipamentos.com.br\/barao\/wp-json\/wp\/v2\/pages\/38\/revisions\/706"}],"wp:attachment":[{"href":"http:\/\/baraoequipamentos.com.br\/barao\/wp-json\/wp\/v2\/media?parent=38"}],"curies":[{"name":"wp","href":"https:\/\/api.w.org\/{rel}","templated":true}]}}