{"id":127,"date":"2018-03-07T00:35:42","date_gmt":"2018-03-07T00:35:42","guid":{"rendered":"http:\/\/baraoequipamentos.com.br\/barao\/?post_type=product&#038;p=127"},"modified":"2018-03-09T18:00:45","modified_gmt":"2018-03-09T18:00:45","slug":"kinesiology-vital-tape","status":"publish","type":"product","link":"http:\/\/baraoequipamentos.com.br\/barao\/produto\/kinesiology-vital-tape\/","title":{"rendered":"Kinesiology Vital Tape"},"content":{"rendered":"<p>Constitu\u00edda de 97 % algod\u00e3o, 3% lycra spendex e adesivo acr\u00edlico Hipoalerg\u00eanico que evita a irrita\u00e7\u00e3o da pele e n\u00e3o deixa res\u00edduo ap\u00f3s o uso.<br \/>\nA elasticidade da Vital Tape permite que o produto se acomode a qualquer parte do corpo e n\u00e3o restrinja os movimentos.<br \/>\nA tecnologia do Vital Tape foi desenvolvida para puxar a camada superior da pele, criando mais espa\u00e7o entre a pele e os m\u00fasculos, promovendo o fluxo sangu\u00edneo e drenagem.<\/p>\n","protected":false},"excerpt":{"rendered":"<p>Constitu\u00edda de 97 % algod\u00e3o, 3% lycra spendex e adesivo acr\u00edlico Hipoalerg\u00eanico que evita a irrita\u00e7\u00e3o da pele e n\u00e3o deixa res\u00edduo ap\u00f3s o uso.<\/p>\n","protected":false},"featured_media":128,"comment_status":"closed","ping_status":"closed","template":"","meta":[],"_links":{"self":[{"href":"http:\/\/baraoequipamentos.com.br\/barao\/wp-json\/wp\/v2\/product\/127"}],"collection":[{"href":"http:\/\/baraoequipamentos.com.br\/barao\/wp-json\/wp\/v2\/product"}],"about":[{"href":"http:\/\/baraoequipamentos.com.br\/barao\/wp-json\/wp\/v2\/types\/product"}],"replies":[{"embeddable":true,"href":"http:\/\/baraoequipamentos.com.br\/barao\/wp-json\/wp\/v2\/comments?post=127"}],"wp:featuredmedia":[{"embeddable":true,"href":"http:\/\/baraoequipamentos.com.br\/barao\/wp-json\/wp\/v2\/media\/128"}],"wp:attachment":[{"href":"http:\/\/baraoequipamentos.com.br\/barao\/wp-json\/wp\/v2\/media?parent=127"}],"curies":[{"name":"wp","href":"https:\/\/api.w.org\/{rel}","templated":true}]}}