{"id":131,"date":"2018-03-07T00:47:08","date_gmt":"2018-03-07T00:47:08","guid":{"rendered":"http:\/\/baraoequipamentos.com.br\/barao\/?post_type=product&#038;p=131"},"modified":"2018-03-09T18:00:32","modified_gmt":"2018-03-09T18:00:32","slug":"faixa-elastica","status":"publish","type":"product","link":"http:\/\/baraoequipamentos.com.br\/barao\/produto\/faixa-elastica\/","title":{"rendered":"Faixa El\u00e1stica"},"content":{"rendered":"<p>Faixa el\u00e1stica at\u00f3xica.<br \/>\nProduzida na medida exata para o seu exerc\u00edcio.<br \/>\nV\u00e1rias resist\u00eancias.<br \/>\nLeves e port\u00e1teis.<br \/>\nEcon\u00f4micas e vers\u00e1teis, possibilitam uma ampla gama de exerc\u00edcios.<br \/>\nProduzem for\u00e7a positiva e negativa sobre os m\u00fasculos.<\/p>\n","protected":false},"excerpt":{"rendered":"<p>Faixa el\u00e1stica at\u00f3xica.<\/p>\n","protected":false},"featured_media":132,"comment_status":"closed","ping_status":"closed","template":"","meta":[],"_links":{"self":[{"href":"http:\/\/baraoequipamentos.com.br\/barao\/wp-json\/wp\/v2\/product\/131"}],"collection":[{"href":"http:\/\/baraoequipamentos.com.br\/barao\/wp-json\/wp\/v2\/product"}],"about":[{"href":"http:\/\/baraoequipamentos.com.br\/barao\/wp-json\/wp\/v2\/types\/product"}],"replies":[{"embeddable":true,"href":"http:\/\/baraoequipamentos.com.br\/barao\/wp-json\/wp\/v2\/comments?post=131"}],"wp:featuredmedia":[{"embeddable":true,"href":"http:\/\/baraoequipamentos.com.br\/barao\/wp-json\/wp\/v2\/media\/132"}],"wp:attachment":[{"href":"http:\/\/baraoequipamentos.com.br\/barao\/wp-json\/wp\/v2\/media?parent=131"}],"curies":[{"name":"wp","href":"https:\/\/api.w.org\/{rel}","templated":true}]}}