{"id":164,"date":"2018-03-07T17:57:03","date_gmt":"2018-03-07T17:57:03","guid":{"rendered":"http:\/\/baraoequipamentos.com.br\/barao\/?post_type=product&#038;p=164"},"modified":"2018-03-09T17:54:09","modified_gmt":"2018-03-09T17:54:09","slug":"encosto-supremo-caixa-de-ovo","status":"publish","type":"product","link":"http:\/\/baraoequipamentos.com.br\/barao\/produto\/encosto-supremo-caixa-de-ovo\/","title":{"rendered":"Encosto Supremo Caixa de Ovo"},"content":{"rendered":"<p>N\u00facleo: Poliuretano flex\u00edvel + Poliuretano flex\u00edvel caixa de ovo.<br \/>\nCapa externa com z\u00edper.<br \/>\nTecido: VISCO LYCRA (95%viscose \/5% elastano).<br \/>\nApoio completo para costas e bra\u00e7os.<br \/>\nPerfeito para ser utilizado sobre a cama.<\/p>\n","protected":false},"excerpt":{"rendered":"<p>N\u00facleo: Poliuretano flex\u00edvel + Poliuretano flex\u00edvel caixa de ovo.<\/p>\n","protected":false},"featured_media":166,"comment_status":"closed","ping_status":"closed","template":"","meta":[],"_links":{"self":[{"href":"http:\/\/baraoequipamentos.com.br\/barao\/wp-json\/wp\/v2\/product\/164"}],"collection":[{"href":"http:\/\/baraoequipamentos.com.br\/barao\/wp-json\/wp\/v2\/product"}],"about":[{"href":"http:\/\/baraoequipamentos.com.br\/barao\/wp-json\/wp\/v2\/types\/product"}],"replies":[{"embeddable":true,"href":"http:\/\/baraoequipamentos.com.br\/barao\/wp-json\/wp\/v2\/comments?post=164"}],"wp:featuredmedia":[{"embeddable":true,"href":"http:\/\/baraoequipamentos.com.br\/barao\/wp-json\/wp\/v2\/media\/166"}],"wp:attachment":[{"href":"http:\/\/baraoequipamentos.com.br\/barao\/wp-json\/wp\/v2\/media?parent=164"}],"curies":[{"name":"wp","href":"https:\/\/api.w.org\/{rel}","templated":true}]}}