{"id":174,"date":"2018-03-07T18:19:15","date_gmt":"2018-03-07T18:19:15","guid":{"rendered":"http:\/\/baraoequipamentos.com.br\/barao\/?post_type=product&#038;p=174"},"modified":"2018-03-09T17:53:43","modified_gmt":"2018-03-09T17:53:43","slug":"assento-soft","status":"publish","type":"product","link":"http:\/\/baraoequipamentos.com.br\/barao\/produto\/assento-soft\/","title":{"rendered":"Assento Soft"},"content":{"rendered":"<p>Proporciona al\u00edvio de press\u00e3o em \u00e1reas sens\u00edveis.<br \/>\nDesenvolvida para oferecer mais conforto em longos per\u00edodos sentado.<br \/>\nEspuma 100% l\u00e1tex de Poliuretano.<br \/>\nCapa 100% algod\u00e3o, com z\u00edper, remov\u00edvel e lav\u00e1vel.<\/p>\n","protected":false},"excerpt":{"rendered":"<p>Proporciona al\u00edvio de press\u00e3o em \u00e1reas sens\u00edveis.<\/p>\n","protected":false},"featured_media":175,"comment_status":"closed","ping_status":"closed","template":"","meta":[],"_links":{"self":[{"href":"http:\/\/baraoequipamentos.com.br\/barao\/wp-json\/wp\/v2\/product\/174"}],"collection":[{"href":"http:\/\/baraoequipamentos.com.br\/barao\/wp-json\/wp\/v2\/product"}],"about":[{"href":"http:\/\/baraoequipamentos.com.br\/barao\/wp-json\/wp\/v2\/types\/product"}],"replies":[{"embeddable":true,"href":"http:\/\/baraoequipamentos.com.br\/barao\/wp-json\/wp\/v2\/comments?post=174"}],"wp:featuredmedia":[{"embeddable":true,"href":"http:\/\/baraoequipamentos.com.br\/barao\/wp-json\/wp\/v2\/media\/175"}],"wp:attachment":[{"href":"http:\/\/baraoequipamentos.com.br\/barao\/wp-json\/wp\/v2\/media?parent=174"}],"curies":[{"name":"wp","href":"https:\/\/api.w.org\/{rel}","templated":true}]}}