{"id":190,"date":"2018-03-07T18:33:55","date_gmt":"2018-03-07T18:33:55","guid":{"rendered":"http:\/\/baraoequipamentos.com.br\/barao\/?post_type=product&#038;p=190"},"modified":"2018-03-09T17:52:46","modified_gmt":"2018-03-09T17:52:46","slug":"encosto-atoalhado-caixa-de-ovo","status":"publish","type":"product","link":"http:\/\/baraoequipamentos.com.br\/barao\/produto\/encosto-atoalhado-caixa-de-ovo\/","title":{"rendered":"Encosto Atoalhado Caixa de Ovo"},"content":{"rendered":"<p>Capa: courvim ou atoalhado soft.<br \/>\nN\u00facleo: l\u00e1tex + poliuretano flex\u00edvel de alta densidade.<\/p>\n","protected":false},"excerpt":{"rendered":"<p>Capa: courvim ou atoalhado soft.<\/p>\n","protected":false},"featured_media":191,"comment_status":"closed","ping_status":"closed","template":"","meta":[],"_links":{"self":[{"href":"http:\/\/baraoequipamentos.com.br\/barao\/wp-json\/wp\/v2\/product\/190"}],"collection":[{"href":"http:\/\/baraoequipamentos.com.br\/barao\/wp-json\/wp\/v2\/product"}],"about":[{"href":"http:\/\/baraoequipamentos.com.br\/barao\/wp-json\/wp\/v2\/types\/product"}],"replies":[{"embeddable":true,"href":"http:\/\/baraoequipamentos.com.br\/barao\/wp-json\/wp\/v2\/comments?post=190"}],"wp:featuredmedia":[{"embeddable":true,"href":"http:\/\/baraoequipamentos.com.br\/barao\/wp-json\/wp\/v2\/media\/191"}],"wp:attachment":[{"href":"http:\/\/baraoequipamentos.com.br\/barao\/wp-json\/wp\/v2\/media?parent=190"}],"curies":[{"name":"wp","href":"https:\/\/api.w.org\/{rel}","templated":true}]}}