{"id":198,"date":"2018-03-07T18:40:00","date_gmt":"2018-03-07T18:40:00","guid":{"rendered":"http:\/\/baraoequipamentos.com.br\/barao\/?post_type=product&#038;p=198"},"modified":"2018-03-09T17:51:40","modified_gmt":"2018-03-09T17:51:40","slug":"rolinho-mix","status":"publish","type":"product","link":"http:\/\/baraoequipamentos.com.br\/barao\/produto\/rolinho-mix\/","title":{"rendered":"Rolinho Mix"},"content":{"rendered":"<p>Capa externa n\u00e1utica com z\u00edper.<br \/>\nTecido da capa: Napa.<br \/>\nN\u00facleo: Poliuretano flex\u00edvel + l\u00e1tex laminado.<br \/>\nProporciona excepcional maciez e conforto.<br \/>\nProte\u00e7\u00e3o anti-\u00e1caros, fungos e bact\u00e9rias.<br \/>\nEspuma de alta flexibilidade.<br \/>\nRetorno lento.<br \/>\nSe molda ao contorno do corpo.<\/p>\n","protected":false},"excerpt":{"rendered":"<p>Capa externa n\u00e1utica com z\u00edper.<br \/>\nTecido da capa: Napa.<\/p>\n","protected":false},"featured_media":199,"comment_status":"closed","ping_status":"closed","template":"","meta":[],"_links":{"self":[{"href":"http:\/\/baraoequipamentos.com.br\/barao\/wp-json\/wp\/v2\/product\/198"}],"collection":[{"href":"http:\/\/baraoequipamentos.com.br\/barao\/wp-json\/wp\/v2\/product"}],"about":[{"href":"http:\/\/baraoequipamentos.com.br\/barao\/wp-json\/wp\/v2\/types\/product"}],"replies":[{"embeddable":true,"href":"http:\/\/baraoequipamentos.com.br\/barao\/wp-json\/wp\/v2\/comments?post=198"}],"wp:featuredmedia":[{"embeddable":true,"href":"http:\/\/baraoequipamentos.com.br\/barao\/wp-json\/wp\/v2\/media\/199"}],"wp:attachment":[{"href":"http:\/\/baraoequipamentos.com.br\/barao\/wp-json\/wp\/v2\/media?parent=198"}],"curies":[{"name":"wp","href":"https:\/\/api.w.org\/{rel}","templated":true}]}}