{"id":204,"date":"2018-03-07T18:45:11","date_gmt":"2018-03-07T18:45:11","guid":{"rendered":"http:\/\/baraoequipamentos.com.br\/barao\/?post_type=product&#038;p=204"},"modified":"2018-03-09T17:51:18","modified_gmt":"2018-03-09T17:51:18","slug":"suporte-pillowcar-perfetto","status":"publish","type":"product","link":"http:\/\/baraoequipamentos.com.br\/barao\/produto\/suporte-pillowcar-perfetto\/","title":{"rendered":"Suporte Pillowcar &#8211; Perfetto"},"content":{"rendered":"<p>Almofada com el\u00e1stico para fixa\u00e7\u00e3o no banco do carro.<br \/>\nFormato anat\u00f4mico para acomoda\u00e7\u00e3o do pesco\u00e7o.<br \/>\nProporciona sustenta\u00e7\u00e3o com maciez e conforto.<br \/>\nEspuma 100% Viscoel\u00e1stico.<br \/>\nCapa em viscolycra.<\/p>\n","protected":false},"excerpt":{"rendered":"<p>Almofada com el\u00e1stico para fixa\u00e7\u00e3o no banco do carro.<\/p>\n","protected":false},"featured_media":205,"comment_status":"closed","ping_status":"closed","template":"","meta":[],"_links":{"self":[{"href":"http:\/\/baraoequipamentos.com.br\/barao\/wp-json\/wp\/v2\/product\/204"}],"collection":[{"href":"http:\/\/baraoequipamentos.com.br\/barao\/wp-json\/wp\/v2\/product"}],"about":[{"href":"http:\/\/baraoequipamentos.com.br\/barao\/wp-json\/wp\/v2\/types\/product"}],"replies":[{"embeddable":true,"href":"http:\/\/baraoequipamentos.com.br\/barao\/wp-json\/wp\/v2\/comments?post=204"}],"wp:featuredmedia":[{"embeddable":true,"href":"http:\/\/baraoequipamentos.com.br\/barao\/wp-json\/wp\/v2\/media\/205"}],"wp:attachment":[{"href":"http:\/\/baraoequipamentos.com.br\/barao\/wp-json\/wp\/v2\/media?parent=204"}],"curies":[{"name":"wp","href":"https:\/\/api.w.org\/{rel}","templated":true}]}}