{"id":206,"date":"2018-03-07T18:46:18","date_gmt":"2018-03-07T18:46:18","guid":{"rendered":"http:\/\/baraoequipamentos.com.br\/barao\/?post_type=product&#038;p=206"},"modified":"2018-03-09T17:51:13","modified_gmt":"2018-03-09T17:51:13","slug":"travel-neck-pillow","status":"publish","type":"product","link":"http:\/\/baraoequipamentos.com.br\/barao\/produto\/travel-neck-pillow\/","title":{"rendered":"Travel Neck Pillow"},"content":{"rendered":"<p>Espuma com mem\u00f3ria para maior conforto e sustenta\u00e7\u00e3o da cervical.<br \/>\n\u00c9 ideal para uso em viagens.<br \/>\nEspuma 100% Viscoel\u00e1stico.<br \/>\nCapa em viscolycra, com z\u00edper, remov\u00edvel e lav\u00e1vel.<\/p>\n","protected":false},"excerpt":{"rendered":"<p>Espuma com mem\u00f3ria para maior conforto e sustenta\u00e7\u00e3o da cervical.<\/p>\n","protected":false},"featured_media":207,"comment_status":"closed","ping_status":"closed","template":"","meta":[],"_links":{"self":[{"href":"http:\/\/baraoequipamentos.com.br\/barao\/wp-json\/wp\/v2\/product\/206"}],"collection":[{"href":"http:\/\/baraoequipamentos.com.br\/barao\/wp-json\/wp\/v2\/product"}],"about":[{"href":"http:\/\/baraoequipamentos.com.br\/barao\/wp-json\/wp\/v2\/types\/product"}],"replies":[{"embeddable":true,"href":"http:\/\/baraoequipamentos.com.br\/barao\/wp-json\/wp\/v2\/comments?post=206"}],"wp:featuredmedia":[{"embeddable":true,"href":"http:\/\/baraoequipamentos.com.br\/barao\/wp-json\/wp\/v2\/media\/207"}],"wp:attachment":[{"href":"http:\/\/baraoequipamentos.com.br\/barao\/wp-json\/wp\/v2\/media?parent=206"}],"curies":[{"name":"wp","href":"https:\/\/api.w.org\/{rel}","templated":true}]}}