{"id":208,"date":"2018-03-07T18:48:02","date_gmt":"2018-03-07T18:48:02","guid":{"rendered":"http:\/\/baraoequipamentos.com.br\/barao\/?post_type=product&#038;p=208"},"modified":"2018-03-09T17:51:07","modified_gmt":"2018-03-09T17:51:07","slug":"almofada-anatomica-lombar","status":"publish","type":"product","link":"http:\/\/baraoequipamentos.com.br\/barao\/produto\/almofada-anatomica-lombar\/","title":{"rendered":"Almofada Anat\u00f4mica Lombar"},"content":{"rendered":"<p>Almofada Anat\u00f4mica Lombar.<br \/>\nEspuma com mem\u00f3ria para acomodar a coluna com mais conforto.<br \/>\nAcomoda a curvatura natural das costas.<br \/>\nEl\u00e1stico para ajuste em diversos assento<br \/>\nEspuma 100% Viscoel\u00e1stico.<br \/>\nCapa em viscolycra, com z\u00edper, remov\u00edvel e lav\u00e1vel.<\/p>\n","protected":false},"excerpt":{"rendered":"<p>Almofada Anat\u00f4mica Lombar.<br \/>\nEspuma com mem\u00f3ria para acomodar a coluna com mais conforto.<\/p>\n","protected":false},"featured_media":209,"comment_status":"closed","ping_status":"closed","template":"","meta":[],"_links":{"self":[{"href":"http:\/\/baraoequipamentos.com.br\/barao\/wp-json\/wp\/v2\/product\/208"}],"collection":[{"href":"http:\/\/baraoequipamentos.com.br\/barao\/wp-json\/wp\/v2\/product"}],"about":[{"href":"http:\/\/baraoequipamentos.com.br\/barao\/wp-json\/wp\/v2\/types\/product"}],"replies":[{"embeddable":true,"href":"http:\/\/baraoequipamentos.com.br\/barao\/wp-json\/wp\/v2\/comments?post=208"}],"wp:featuredmedia":[{"embeddable":true,"href":"http:\/\/baraoequipamentos.com.br\/barao\/wp-json\/wp\/v2\/media\/209"}],"wp:attachment":[{"href":"http:\/\/baraoequipamentos.com.br\/barao\/wp-json\/wp\/v2\/media?parent=208"}],"curies":[{"name":"wp","href":"https:\/\/api.w.org\/{rel}","templated":true}]}}