{"id":212,"date":"2018-03-07T18:50:32","date_gmt":"2018-03-07T18:50:32","guid":{"rendered":"http:\/\/baraoequipamentos.com.br\/barao\/?post_type=product&#038;p=212"},"modified":"2018-03-09T17:50:50","modified_gmt":"2018-03-09T17:50:50","slug":"assento-confort","status":"publish","type":"product","link":"http:\/\/baraoequipamentos.com.br\/barao\/produto\/assento-confort\/","title":{"rendered":"Assento Confort"},"content":{"rendered":"<p>O assento Comfort possui a curvatura e suporte ideais para sustenta\u00e7\u00e3o do peso .<br \/>\nEspuma 100% Viscoel\u00e1stico.<br \/>\nPossui fitas de fixa\u00e7\u00e3o com travas e ajustes na parte traseira e na parte superior.<br \/>\nCapa em malha preta  (tipo automotivo), possui z\u00edper que facilita sua remo\u00e7\u00e3o para lavagem.<\/p>\n","protected":false},"excerpt":{"rendered":"<p>O assento Comfort possui a curvatura e suporte ideais para sustenta\u00e7\u00e3o do peso .<br \/>\nEspuma 100% Viscoel\u00e1stico.<\/p>\n","protected":false},"featured_media":213,"comment_status":"closed","ping_status":"closed","template":"","meta":[],"_links":{"self":[{"href":"http:\/\/baraoequipamentos.com.br\/barao\/wp-json\/wp\/v2\/product\/212"}],"collection":[{"href":"http:\/\/baraoequipamentos.com.br\/barao\/wp-json\/wp\/v2\/product"}],"about":[{"href":"http:\/\/baraoequipamentos.com.br\/barao\/wp-json\/wp\/v2\/types\/product"}],"replies":[{"embeddable":true,"href":"http:\/\/baraoequipamentos.com.br\/barao\/wp-json\/wp\/v2\/comments?post=212"}],"wp:featuredmedia":[{"embeddable":true,"href":"http:\/\/baraoequipamentos.com.br\/barao\/wp-json\/wp\/v2\/media\/213"}],"wp:attachment":[{"href":"http:\/\/baraoequipamentos.com.br\/barao\/wp-json\/wp\/v2\/media?parent=212"}],"curies":[{"name":"wp","href":"https:\/\/api.w.org\/{rel}","templated":true}]}}