{"id":218,"date":"2018-03-07T18:55:29","date_gmt":"2018-03-07T18:55:29","guid":{"rendered":"http:\/\/baraoequipamentos.com.br\/barao\/?post_type=product&#038;p=218"},"modified":"2018-03-09T17:49:55","modified_gmt":"2018-03-09T17:49:55","slug":"suave-encosto","status":"publish","type":"product","link":"http:\/\/baraoequipamentos.com.br\/barao\/produto\/suave-encosto\/","title":{"rendered":"Suave Encosto"},"content":{"rendered":"<p>Composi\u00e7\u00e3o textil: 70% algod\u00e3o \/ 30% poli\u00e9ster.<br \/>\nEspuma 100% poliuretano.<br \/>\nEspuma superior perfilada.<br \/>\nAcompanha capa com z\u00edper.<\/p>\n","protected":false},"excerpt":{"rendered":"<p>Composi\u00e7\u00e3o textil: 70% algod\u00e3o \/ 30% poli\u00e9ster.<br \/>\nEspuma 100% poliuretano.<\/p>\n","protected":false},"featured_media":219,"comment_status":"closed","ping_status":"closed","template":"","meta":[],"_links":{"self":[{"href":"http:\/\/baraoequipamentos.com.br\/barao\/wp-json\/wp\/v2\/product\/218"}],"collection":[{"href":"http:\/\/baraoequipamentos.com.br\/barao\/wp-json\/wp\/v2\/product"}],"about":[{"href":"http:\/\/baraoequipamentos.com.br\/barao\/wp-json\/wp\/v2\/types\/product"}],"replies":[{"embeddable":true,"href":"http:\/\/baraoequipamentos.com.br\/barao\/wp-json\/wp\/v2\/comments?post=218"}],"wp:featuredmedia":[{"embeddable":true,"href":"http:\/\/baraoequipamentos.com.br\/barao\/wp-json\/wp\/v2\/media\/219"}],"wp:attachment":[{"href":"http:\/\/baraoequipamentos.com.br\/barao\/wp-json\/wp\/v2\/media?parent=218"}],"curies":[{"name":"wp","href":"https:\/\/api.w.org\/{rel}","templated":true}]}}