{"id":220,"date":"2018-03-07T18:56:46","date_gmt":"2018-03-07T18:56:46","guid":{"rendered":"http:\/\/baraoequipamentos.com.br\/barao\/?post_type=product&#038;p=220"},"modified":"2018-03-09T17:49:48","modified_gmt":"2018-03-09T17:49:48","slug":"almofada-em-espuma-caixa-de-ovo","status":"publish","type":"product","link":"http:\/\/baraoequipamentos.com.br\/barao\/produto\/almofada-em-espuma-caixa-de-ovo\/","title":{"rendered":"Almofada em Espuma Caixa de Ovo"},"content":{"rendered":"<p>Indicada  para preven\u00e7\u00e3o das ulcera\u00e7\u00f5es da pele causada por press\u00e3o constante ( escaras) para pacientes que permanecem sentados por longos per\u00edodos.<br \/>\nConfeccionado em espuma de poliuretano.<br \/>\nTamanho: 40 x 40.<\/p>\n","protected":false},"excerpt":{"rendered":"<p>Indicada  para preven\u00e7\u00e3o das ulcera\u00e7\u00f5es da pele causada por press\u00e3o constante ( escaras) para pacientes que permanecem sentados por longos per\u00edodos.<\/p>\n","protected":false},"featured_media":221,"comment_status":"closed","ping_status":"closed","template":"","meta":[],"_links":{"self":[{"href":"http:\/\/baraoequipamentos.com.br\/barao\/wp-json\/wp\/v2\/product\/220"}],"collection":[{"href":"http:\/\/baraoequipamentos.com.br\/barao\/wp-json\/wp\/v2\/product"}],"about":[{"href":"http:\/\/baraoequipamentos.com.br\/barao\/wp-json\/wp\/v2\/types\/product"}],"replies":[{"embeddable":true,"href":"http:\/\/baraoequipamentos.com.br\/barao\/wp-json\/wp\/v2\/comments?post=220"}],"wp:featuredmedia":[{"embeddable":true,"href":"http:\/\/baraoequipamentos.com.br\/barao\/wp-json\/wp\/v2\/media\/221"}],"wp:attachment":[{"href":"http:\/\/baraoequipamentos.com.br\/barao\/wp-json\/wp\/v2\/media?parent=220"}],"curies":[{"name":"wp","href":"https:\/\/api.w.org\/{rel}","templated":true}]}}