{"id":224,"date":"2018-03-07T19:00:04","date_gmt":"2018-03-07T19:00:04","guid":{"rendered":"http:\/\/baraoequipamentos.com.br\/barao\/?post_type=product&#038;p=224"},"modified":"2018-03-09T17:48:52","modified_gmt":"2018-03-09T17:48:52","slug":"forracao-ortopedica-agua-quadrada-com-orificio","status":"publish","type":"product","link":"http:\/\/baraoequipamentos.com.br\/barao\/produto\/forracao-ortopedica-agua-quadrada-com-orificio\/","title":{"rendered":"Forra\u00e7\u00e3o Ortop\u00e9dica \u00c1gua Quadrada com Orif\u00edcio"},"content":{"rendered":"<p>MEDIDAS: 45cm X 45cm (Aproximadamente).<br \/>\nCOMPOSI\u00c7\u00c3O: Policloreto de vinila, 100% virgem e at\u00f3xico.<br \/>\nMaior resist\u00eancia, elasticidade e durabilidade.<br \/>\nSuporta uma pessoa at\u00e9 130Kg.<\/p>\n","protected":false},"excerpt":{"rendered":"<p>Maior resist\u00eancia, elasticidade e durabilidade.<\/p>\n","protected":false},"featured_media":225,"comment_status":"closed","ping_status":"closed","template":"","meta":[],"_links":{"self":[{"href":"http:\/\/baraoequipamentos.com.br\/barao\/wp-json\/wp\/v2\/product\/224"}],"collection":[{"href":"http:\/\/baraoequipamentos.com.br\/barao\/wp-json\/wp\/v2\/product"}],"about":[{"href":"http:\/\/baraoequipamentos.com.br\/barao\/wp-json\/wp\/v2\/types\/product"}],"replies":[{"embeddable":true,"href":"http:\/\/baraoequipamentos.com.br\/barao\/wp-json\/wp\/v2\/comments?post=224"}],"wp:featuredmedia":[{"embeddable":true,"href":"http:\/\/baraoequipamentos.com.br\/barao\/wp-json\/wp\/v2\/media\/225"}],"wp:attachment":[{"href":"http:\/\/baraoequipamentos.com.br\/barao\/wp-json\/wp\/v2\/media?parent=224"}],"curies":[{"name":"wp","href":"https:\/\/api.w.org\/{rel}","templated":true}]}}