{"id":230,"date":"2018-03-07T19:05:57","date_gmt":"2018-03-07T19:05:57","guid":{"rendered":"http:\/\/baraoequipamentos.com.br\/barao\/?post_type=product&#038;p=230"},"modified":"2018-03-09T17:48:23","modified_gmt":"2018-03-09T17:48:23","slug":"forracao-ortopedica-agua-caixa-de-ovo","status":"publish","type":"product","link":"http:\/\/baraoequipamentos.com.br\/barao\/produto\/forracao-ortopedica-agua-caixa-de-ovo\/","title":{"rendered":"Forra\u00e7\u00e3o Ortop\u00e9dica \u00c1gua Caixa de Ovo"},"content":{"rendered":"<p>MEDIDAS: 45cm X 45cm (Aproximadamente)<br \/>\nConfeccionada em Policloreto de vinila, 100% virgem e at\u00f3xico.<br \/>\nQuantidade de \u00e1gua: 5 litros. (Aproximadamente).<br \/>\nMaior resist\u00eancia, elasticidade e durabilidade.<br \/>\nUtilizando a Forra\u00e7\u00e3o corretamente, este produto suporta uma pessoa at\u00e9 130 Kg.<\/p>\n","protected":false},"excerpt":{"rendered":"<p>Maior resist\u00eancia, elasticidade e durabilidade.<\/p>\n","protected":false},"featured_media":231,"comment_status":"closed","ping_status":"closed","template":"","meta":[],"_links":{"self":[{"href":"http:\/\/baraoequipamentos.com.br\/barao\/wp-json\/wp\/v2\/product\/230"}],"collection":[{"href":"http:\/\/baraoequipamentos.com.br\/barao\/wp-json\/wp\/v2\/product"}],"about":[{"href":"http:\/\/baraoequipamentos.com.br\/barao\/wp-json\/wp\/v2\/types\/product"}],"replies":[{"embeddable":true,"href":"http:\/\/baraoequipamentos.com.br\/barao\/wp-json\/wp\/v2\/comments?post=230"}],"wp:featuredmedia":[{"embeddable":true,"href":"http:\/\/baraoequipamentos.com.br\/barao\/wp-json\/wp\/v2\/media\/231"}],"wp:attachment":[{"href":"http:\/\/baraoequipamentos.com.br\/barao\/wp-json\/wp\/v2\/media?parent=230"}],"curies":[{"name":"wp","href":"https:\/\/api.w.org\/{rel}","templated":true}]}}