{"id":236,"date":"2018-03-07T19:11:46","date_gmt":"2018-03-07T19:11:46","guid":{"rendered":"http:\/\/baraoequipamentos.com.br\/barao\/?post_type=product&#038;p=236"},"modified":"2018-03-09T17:47:58","modified_gmt":"2018-03-09T17:47:58","slug":"forracao-ortopedica-gel-quadrada-com-orificio","status":"publish","type":"product","link":"http:\/\/baraoequipamentos.com.br\/barao\/produto\/forracao-ortopedica-gel-quadrada-com-orificio\/","title":{"rendered":"Forra\u00e7\u00e3o Ortop\u00e9dica Gel Quadrada com Orif\u00edcio"},"content":{"rendered":"<p>Sistema Termico, refresca no Calor e Isola no frio.<br \/>\nMaterial: PVC.<br \/>\nF\u00e1cil limpeza.<br \/>\nRelaxante.<br \/>\nIndeform\u00e1vel.<br \/>\nHigi\u00eanica.<br \/>\nAjusta-se aos movimentos.<br \/>\nAnti-escara.<br \/>\nIndicada at\u00e9 100 kg.<\/p>\n","protected":false},"excerpt":{"rendered":"<p>Sistema Termico, refresca no Calor e Isola no frio.<\/p>\n","protected":false},"featured_media":237,"comment_status":"closed","ping_status":"closed","template":"","meta":[],"_links":{"self":[{"href":"http:\/\/baraoequipamentos.com.br\/barao\/wp-json\/wp\/v2\/product\/236"}],"collection":[{"href":"http:\/\/baraoequipamentos.com.br\/barao\/wp-json\/wp\/v2\/product"}],"about":[{"href":"http:\/\/baraoequipamentos.com.br\/barao\/wp-json\/wp\/v2\/types\/product"}],"replies":[{"embeddable":true,"href":"http:\/\/baraoequipamentos.com.br\/barao\/wp-json\/wp\/v2\/comments?post=236"}],"wp:featuredmedia":[{"embeddable":true,"href":"http:\/\/baraoequipamentos.com.br\/barao\/wp-json\/wp\/v2\/media\/237"}],"wp:attachment":[{"href":"http:\/\/baraoequipamentos.com.br\/barao\/wp-json\/wp\/v2\/media?parent=236"}],"curies":[{"name":"wp","href":"https:\/\/api.w.org\/{rel}","templated":true}]}}