{"id":240,"date":"2018-03-07T19:15:34","date_gmt":"2018-03-07T19:15:34","guid":{"rendered":"http:\/\/baraoequipamentos.com.br\/barao\/?post_type=product&#038;p=240"},"modified":"2018-03-09T17:47:10","modified_gmt":"2018-03-09T17:47:10","slug":"forracao-ortopedica-gel-redonda","status":"publish","type":"product","link":"http:\/\/baraoequipamentos.com.br\/barao\/produto\/forracao-ortopedica-gel-redonda\/","title":{"rendered":"Forra\u00e7\u00e3o Ortop\u00e9dica Gel Redonda"},"content":{"rendered":"<p>Ajuda a evitar o aparecimento de escaras.<br \/>\nAuxilia no tratamento das escaras j\u00e1 existentes.<br \/>\nPermite apoio uniforme, n\u00e3o acumula germes, n\u00e3o deforma.<br \/>\nPode ser resfriado em geladeira.<br \/>\nSuporta aproximadamente 130 Kg.<\/p>\n","protected":false},"excerpt":{"rendered":"<p>Ajuda a evitar o aparecimento de escaras.<br \/>\nAuxilia no tratamento das escaras j\u00e1 existentes.<\/p>\n","protected":false},"featured_media":241,"comment_status":"closed","ping_status":"closed","template":"","meta":[],"_links":{"self":[{"href":"http:\/\/baraoequipamentos.com.br\/barao\/wp-json\/wp\/v2\/product\/240"}],"collection":[{"href":"http:\/\/baraoequipamentos.com.br\/barao\/wp-json\/wp\/v2\/product"}],"about":[{"href":"http:\/\/baraoequipamentos.com.br\/barao\/wp-json\/wp\/v2\/types\/product"}],"replies":[{"embeddable":true,"href":"http:\/\/baraoequipamentos.com.br\/barao\/wp-json\/wp\/v2\/comments?post=240"}],"wp:featuredmedia":[{"embeddable":true,"href":"http:\/\/baraoequipamentos.com.br\/barao\/wp-json\/wp\/v2\/media\/241"}],"wp:attachment":[{"href":"http:\/\/baraoequipamentos.com.br\/barao\/wp-json\/wp\/v2\/media?parent=240"}],"curies":[{"name":"wp","href":"https:\/\/api.w.org\/{rel}","templated":true}]}}