{"id":242,"date":"2018-03-07T19:16:59","date_gmt":"2018-03-07T19:16:59","guid":{"rendered":"http:\/\/baraoequipamentos.com.br\/barao\/?post_type=product&#038;p=242"},"modified":"2018-03-09T17:47:04","modified_gmt":"2018-03-09T17:47:04","slug":"forracao-ortopedica-gel-redonda-com-orificio","status":"publish","type":"product","link":"http:\/\/baraoequipamentos.com.br\/barao\/produto\/forracao-ortopedica-gel-redonda-com-orificio\/","title":{"rendered":"Forra\u00e7\u00e3o Ortop\u00e9dica Gel Redonda com Orif\u00edcio"},"content":{"rendered":"<p>\u00c9 a mais utilizada por pessoas que sofrem com hemorr\u00f3idas, dores no c\u00f3ccix e p\u00f3s-operat\u00f3rio.<br \/>\nCapacidade de peso suporta at\u00e9 130 kg.<\/p>\n","protected":false},"excerpt":{"rendered":"<p>\u00c9 a mais utilizada por pessoas que sofrem com hemorr\u00f3idas, dores no c\u00f3ccix e p\u00f3s-operat\u00f3rio.<\/p>\n","protected":false},"featured_media":243,"comment_status":"closed","ping_status":"closed","template":"","meta":[],"_links":{"self":[{"href":"http:\/\/baraoequipamentos.com.br\/barao\/wp-json\/wp\/v2\/product\/242"}],"collection":[{"href":"http:\/\/baraoequipamentos.com.br\/barao\/wp-json\/wp\/v2\/product"}],"about":[{"href":"http:\/\/baraoequipamentos.com.br\/barao\/wp-json\/wp\/v2\/types\/product"}],"replies":[{"embeddable":true,"href":"http:\/\/baraoequipamentos.com.br\/barao\/wp-json\/wp\/v2\/comments?post=242"}],"wp:featuredmedia":[{"embeddable":true,"href":"http:\/\/baraoequipamentos.com.br\/barao\/wp-json\/wp\/v2\/media\/243"}],"wp:attachment":[{"href":"http:\/\/baraoequipamentos.com.br\/barao\/wp-json\/wp\/v2\/media?parent=242"}],"curies":[{"name":"wp","href":"https:\/\/api.w.org\/{rel}","templated":true}]}}