{"id":246,"date":"2018-03-07T19:20:24","date_gmt":"2018-03-07T19:20:24","guid":{"rendered":"http:\/\/baraoequipamentos.com.br\/barao\/?post_type=product&#038;p=246"},"modified":"2018-03-09T17:45:59","modified_gmt":"2018-03-09T17:45:59","slug":"almofada-ortopedica-com-sistema-tipo-colmeia-confort-gel","status":"publish","type":"product","link":"http:\/\/baraoequipamentos.com.br\/barao\/produto\/almofada-ortopedica-com-sistema-tipo-colmeia-confort-gel\/","title":{"rendered":"Almofada Ortop\u00e9dica com Sistema Tipo Colmeia Confort Gel"},"content":{"rendered":"<p>Indicadas para cadeirante, idosos ou aqueles que buscam conforto nas mais diversas atividades cotidianas.<br \/>\nIndicada para Tuberosidade, Isqui\u00e1tica, fadiga, escaras, les\u00f5es, no c\u00f3ccix, auxilia na corre\u00e7\u00e3o postural, reduz o efeito de tens\u00e3o por cisalhamento em logos per\u00edodos sentado, promove incr\u00edvel conforto, bem-estar, amortece e elimina o impacto, alivia as dores na coluna e de hemorroidas.<\/p>\n","protected":false},"excerpt":{"rendered":"<p>Indicadas para cadeirante, idosos ou aqueles que buscam conforto nas mais diversas atividades cotidianas.<\/p>\n","protected":false},"featured_media":247,"comment_status":"closed","ping_status":"closed","template":"","meta":[],"_links":{"self":[{"href":"http:\/\/baraoequipamentos.com.br\/barao\/wp-json\/wp\/v2\/product\/246"}],"collection":[{"href":"http:\/\/baraoequipamentos.com.br\/barao\/wp-json\/wp\/v2\/product"}],"about":[{"href":"http:\/\/baraoequipamentos.com.br\/barao\/wp-json\/wp\/v2\/types\/product"}],"replies":[{"embeddable":true,"href":"http:\/\/baraoequipamentos.com.br\/barao\/wp-json\/wp\/v2\/comments?post=246"}],"wp:featuredmedia":[{"embeddable":true,"href":"http:\/\/baraoequipamentos.com.br\/barao\/wp-json\/wp\/v2\/media\/247"}],"wp:attachment":[{"href":"http:\/\/baraoequipamentos.com.br\/barao\/wp-json\/wp\/v2\/media?parent=246"}],"curies":[{"name":"wp","href":"https:\/\/api.w.org\/{rel}","templated":true}]}}