{"id":252,"date":"2018-03-07T19:25:24","date_gmt":"2018-03-07T19:25:24","guid":{"rendered":"http:\/\/baraoequipamentos.com.br\/barao\/?post_type=product&#038;p=252"},"modified":"2018-03-09T17:45:32","modified_gmt":"2018-03-09T17:45:32","slug":"almofada-terapeutica-de-borracha-inflavel","status":"publish","type":"product","link":"http:\/\/baraoequipamentos.com.br\/barao\/produto\/almofada-terapeutica-de-borracha-inflavel\/","title":{"rendered":"Almofada Terapeutica de Borracha Infl\u00e1vel"},"content":{"rendered":"<p>Produzida em borracha natural proporciona maior conforto para as pessoas que permanecem sentadas por um tempo muito longo.<br \/>\nAjuda a estimular a circula\u00e7\u00e3o sangu\u00ednea. Este estimulo colabora para prevenir as escaras (ulceras) que podem se formar quando a circula\u00e7\u00e3o n\u00e3o \u00e9 adequada.<\/p>\n","protected":false},"excerpt":{"rendered":"<p>Produzida em borracha natural proporciona maior conforto para as pessoas que permanecem sentadas por um tempo muito longo.<\/p>\n","protected":false},"featured_media":253,"comment_status":"closed","ping_status":"closed","template":"","meta":[],"_links":{"self":[{"href":"http:\/\/baraoequipamentos.com.br\/barao\/wp-json\/wp\/v2\/product\/252"}],"collection":[{"href":"http:\/\/baraoequipamentos.com.br\/barao\/wp-json\/wp\/v2\/product"}],"about":[{"href":"http:\/\/baraoequipamentos.com.br\/barao\/wp-json\/wp\/v2\/types\/product"}],"replies":[{"embeddable":true,"href":"http:\/\/baraoequipamentos.com.br\/barao\/wp-json\/wp\/v2\/comments?post=252"}],"wp:featuredmedia":[{"embeddable":true,"href":"http:\/\/baraoequipamentos.com.br\/barao\/wp-json\/wp\/v2\/media\/253"}],"wp:attachment":[{"href":"http:\/\/baraoequipamentos.com.br\/barao\/wp-json\/wp\/v2\/media?parent=252"}],"curies":[{"name":"wp","href":"https:\/\/api.w.org\/{rel}","templated":true}]}}