{"id":254,"date":"2018-03-07T19:26:44","date_gmt":"2018-03-07T19:26:44","guid":{"rendered":"http:\/\/baraoequipamentos.com.br\/barao\/?post_type=product&#038;p=254"},"modified":"2018-03-09T17:45:26","modified_gmt":"2018-03-09T17:45:26","slug":"travesseiros-floco-latex","status":"publish","type":"product","link":"http:\/\/baraoequipamentos.com.br\/barao\/produto\/travesseiros-floco-latex\/","title":{"rendered":"Travesseiros Floco L\u00e1tex"},"content":{"rendered":"<p>\u00c9 um produto que tem como finalidade proporcionar conforto durante a noite de sono.<br \/>\nMaterial com durabilidade, qualidade e com benef\u00edcios \u00e0 sa\u00fade.<br \/>\nComposi\u00e7\u00e3o: Espuma Flocada.<br \/>\nMacio e confort\u00e1vel.<br \/>\nAntial\u00e9rgico.<br \/>\nAnti\u00e1caro<br \/>\nAnti-mofo.<br \/>\nN\u00e3o deforma.<\/p>\n","protected":false},"excerpt":{"rendered":"<p>\u00c9 um produto que tem como finalidade proporcionar conforto durante a noite de sono.<\/p>\n","protected":false},"featured_media":255,"comment_status":"closed","ping_status":"closed","template":"","meta":[],"_links":{"self":[{"href":"http:\/\/baraoequipamentos.com.br\/barao\/wp-json\/wp\/v2\/product\/254"}],"collection":[{"href":"http:\/\/baraoequipamentos.com.br\/barao\/wp-json\/wp\/v2\/product"}],"about":[{"href":"http:\/\/baraoequipamentos.com.br\/barao\/wp-json\/wp\/v2\/types\/product"}],"replies":[{"embeddable":true,"href":"http:\/\/baraoequipamentos.com.br\/barao\/wp-json\/wp\/v2\/comments?post=254"}],"wp:featuredmedia":[{"embeddable":true,"href":"http:\/\/baraoequipamentos.com.br\/barao\/wp-json\/wp\/v2\/media\/255"}],"wp:attachment":[{"href":"http:\/\/baraoequipamentos.com.br\/barao\/wp-json\/wp\/v2\/media?parent=254"}],"curies":[{"name":"wp","href":"https:\/\/api.w.org\/{rel}","templated":true}]}}