{"id":256,"date":"2018-03-07T19:28:01","date_gmt":"2018-03-07T19:28:01","guid":{"rendered":"http:\/\/baraoequipamentos.com.br\/barao\/?post_type=product&#038;p=256"},"modified":"2018-03-09T17:45:19","modified_gmt":"2018-03-09T17:45:19","slug":"travesseiro-confort-visco","status":"publish","type":"product","link":"http:\/\/baraoequipamentos.com.br\/barao\/produto\/travesseiro-confort-visco\/","title":{"rendered":"Travesseiro Confort Visco"},"content":{"rendered":"<p>100% visco-el\u00e1stico de alta densidade.<br \/>\nMolda \u2013se aos contornos exatos da cabe\u00e7a e da coluna cervical na regi\u00e3o do pesco\u00e7o, proporcionando o apoio ideal e garantindo a posi\u00e7\u00e3o correta de dormir.<br \/>\nEspuma lav\u00e1vel.<\/p>\n","protected":false},"excerpt":{"rendered":"<p>100% visco-el\u00e1stico de alta densidade.<\/p>\n","protected":false},"featured_media":257,"comment_status":"closed","ping_status":"closed","template":"","meta":[],"_links":{"self":[{"href":"http:\/\/baraoequipamentos.com.br\/barao\/wp-json\/wp\/v2\/product\/256"}],"collection":[{"href":"http:\/\/baraoequipamentos.com.br\/barao\/wp-json\/wp\/v2\/product"}],"about":[{"href":"http:\/\/baraoequipamentos.com.br\/barao\/wp-json\/wp\/v2\/types\/product"}],"replies":[{"embeddable":true,"href":"http:\/\/baraoequipamentos.com.br\/barao\/wp-json\/wp\/v2\/comments?post=256"}],"wp:featuredmedia":[{"embeddable":true,"href":"http:\/\/baraoequipamentos.com.br\/barao\/wp-json\/wp\/v2\/media\/257"}],"wp:attachment":[{"href":"http:\/\/baraoequipamentos.com.br\/barao\/wp-json\/wp\/v2\/media?parent=256"}],"curies":[{"name":"wp","href":"https:\/\/api.w.org\/{rel}","templated":true}]}}