{"id":283,"date":"2018-03-08T17:43:07","date_gmt":"2018-03-08T17:43:07","guid":{"rendered":"http:\/\/baraoequipamentos.com.br\/barao\/?post_type=product&#038;p=283"},"modified":"2018-03-09T17:55:52","modified_gmt":"2018-03-09T17:55:52","slug":"cadeira-de-banho-higienica-compacta-em-aco","status":"publish","type":"product","link":"http:\/\/baraoequipamentos.com.br\/barao\/produto\/cadeira-de-banho-higienica-compacta-em-aco\/","title":{"rendered":"Cadeira de banho\/higi\u00eanica Compacta em a\u00e7o"},"content":{"rendered":"<p>Assento remov\u00edvel.<br \/>\nApoio de bra\u00e7o e p\u00e9s escamote\u00e1vel.<br \/>\nIndicada para usu\u00e1rios at\u00e9 85 Kg.<\/p>\n","protected":false},"excerpt":{"rendered":"<p>Assento remov\u00edvel.<br \/>\nApoio de bra\u00e7o e p\u00e9s escamote\u00e1vel.<br \/>\nIndicada para usu\u00e1rios at\u00e9 85 Kg.<\/p>\n","protected":false},"featured_media":284,"comment_status":"closed","ping_status":"closed","template":"","meta":[],"_links":{"self":[{"href":"http:\/\/baraoequipamentos.com.br\/barao\/wp-json\/wp\/v2\/product\/283"}],"collection":[{"href":"http:\/\/baraoequipamentos.com.br\/barao\/wp-json\/wp\/v2\/product"}],"about":[{"href":"http:\/\/baraoequipamentos.com.br\/barao\/wp-json\/wp\/v2\/types\/product"}],"replies":[{"embeddable":true,"href":"http:\/\/baraoequipamentos.com.br\/barao\/wp-json\/wp\/v2\/comments?post=283"}],"wp:featuredmedia":[{"embeddable":true,"href":"http:\/\/baraoequipamentos.com.br\/barao\/wp-json\/wp\/v2\/media\/284"}],"wp:attachment":[{"href":"http:\/\/baraoequipamentos.com.br\/barao\/wp-json\/wp\/v2\/media?parent=283"}],"curies":[{"name":"wp","href":"https:\/\/api.w.org\/{rel}","templated":true}]}}