{"id":289,"date":"2018-03-08T17:55:41","date_gmt":"2018-03-08T17:55:41","guid":{"rendered":"http:\/\/baraoequipamentos.com.br\/barao\/?post_type=product&#038;p=289"},"modified":"2018-03-09T17:59:36","modified_gmt":"2018-03-09T17:59:36","slug":"andador-3-barras","status":"publish","type":"product","link":"http:\/\/baraoequipamentos.com.br\/barao\/produto\/andador-3-barras\/","title":{"rendered":"Andador 3 Barras"},"content":{"rendered":"<p>Corpo  em alum\u00ednio Estrutural com anodiza\u00e7\u00e3o fosca.<br \/>\nConectores e punhos em pol\u00edmeros injetados.<br \/>\nRegulagem com pino mola.<br \/>\nPonteira 1\u201d Curta.<br \/>\nTamanho: Normal \u2013 cinco n\u00edveis de altura \u2013 de 77 cm a 87 cm<br \/>\nTamanho \u201cG\u201d \u2013 cinco n\u00edveis de altura \u2013 de 87 cm a 97 cm<br \/>\nIndicado para usu\u00e1rio at\u00e9 130 Kg.<\/p>\n","protected":false},"excerpt":{"rendered":"<p>Corpo  em alum\u00ednio Estrutural com anodiza\u00e7\u00e3o fosca.<br \/>\nConectores e punhos em pol\u00edmeros injetados.<\/p>\n","protected":false},"featured_media":290,"comment_status":"closed","ping_status":"closed","template":"","meta":[],"_links":{"self":[{"href":"http:\/\/baraoequipamentos.com.br\/barao\/wp-json\/wp\/v2\/product\/289"}],"collection":[{"href":"http:\/\/baraoequipamentos.com.br\/barao\/wp-json\/wp\/v2\/product"}],"about":[{"href":"http:\/\/baraoequipamentos.com.br\/barao\/wp-json\/wp\/v2\/types\/product"}],"replies":[{"embeddable":true,"href":"http:\/\/baraoequipamentos.com.br\/barao\/wp-json\/wp\/v2\/comments?post=289"}],"wp:featuredmedia":[{"embeddable":true,"href":"http:\/\/baraoequipamentos.com.br\/barao\/wp-json\/wp\/v2\/media\/290"}],"wp:attachment":[{"href":"http:\/\/baraoequipamentos.com.br\/barao\/wp-json\/wp\/v2\/media?parent=289"}],"curies":[{"name":"wp","href":"https:\/\/api.w.org\/{rel}","templated":true}]}}