{"id":291,"date":"2018-03-08T17:56:54","date_gmt":"2018-03-08T17:56:54","guid":{"rendered":"http:\/\/baraoequipamentos.com.br\/barao\/?post_type=product&#038;p=291"},"modified":"2018-03-09T17:59:29","modified_gmt":"2018-03-09T17:59:29","slug":"andador-2-barras-com-rodas","status":"publish","type":"product","link":"http:\/\/baraoequipamentos.com.br\/barao\/produto\/andador-2-barras-com-rodas\/","title":{"rendered":"Andador 2 Barras com Rodas"},"content":{"rendered":"<p>Corpo em alum\u00ednio estrutural com anodiza\u00e7\u00e3o fosca.<br \/>\nConectores e Punhos em pol\u00edmeros injetados.<br \/>\nRegulagem com pino mola.<br \/>\nPonteira 3\/4&#8243; curta.<br \/>\nSuporte de rodas em nylon.<br \/>\nTamanhos: cinco n\u00edveis de altura &#8211; de 75,5 cm a 85,5 cm<br \/>\nIndicada para usu\u00e1rio at\u00e9 at\u00e9 80 Kg.<br \/>\nCor:  alum\u00ednio natural.<\/p>\n","protected":false},"excerpt":{"rendered":"<p>Corpo em alum\u00ednio estrutural com anodiza\u00e7\u00e3o fosca.<br \/>\nConectores e Punhos em pol\u00edmeros injetados.<\/p>\n","protected":false},"featured_media":292,"comment_status":"closed","ping_status":"closed","template":"","meta":[],"_links":{"self":[{"href":"http:\/\/baraoequipamentos.com.br\/barao\/wp-json\/wp\/v2\/product\/291"}],"collection":[{"href":"http:\/\/baraoequipamentos.com.br\/barao\/wp-json\/wp\/v2\/product"}],"about":[{"href":"http:\/\/baraoequipamentos.com.br\/barao\/wp-json\/wp\/v2\/types\/product"}],"replies":[{"embeddable":true,"href":"http:\/\/baraoequipamentos.com.br\/barao\/wp-json\/wp\/v2\/comments?post=291"}],"wp:featuredmedia":[{"embeddable":true,"href":"http:\/\/baraoequipamentos.com.br\/barao\/wp-json\/wp\/v2\/media\/292"}],"wp:attachment":[{"href":"http:\/\/baraoequipamentos.com.br\/barao\/wp-json\/wp\/v2\/media?parent=291"}],"curies":[{"name":"wp","href":"https:\/\/api.w.org\/{rel}","templated":true}]}}