{"id":293,"date":"2018-03-08T17:57:53","date_gmt":"2018-03-08T17:57:53","guid":{"rendered":"http:\/\/baraoequipamentos.com.br\/barao\/?post_type=product&#038;p=293"},"modified":"2018-03-09T17:59:23","modified_gmt":"2018-03-09T17:59:23","slug":"andador-3-barras-com-rodas","status":"publish","type":"product","link":"http:\/\/baraoequipamentos.com.br\/barao\/produto\/andador-3-barras-com-rodas\/","title":{"rendered":"Andador 3 Barras com Rodas"},"content":{"rendered":"<p>Corpo em alum\u00ednio estrutural com anodiza\u00e7\u00e3o fosca.<br \/>\nConectores e Punhos em pol\u00edmeros injetados.<br \/>\nPonteira 1\u201d curta.<br \/>\nSuporte de rodas em nylon.<br \/>\nTamanho: cinco n\u00edveis de altura \u2013 de 75,5 cm a 85,5 cm.<br \/>\nCor: alum\u00ednio natural .<br \/>\n Indicado para usu\u00e1rios at\u00e9 130 Kg.<\/p>\n","protected":false},"excerpt":{"rendered":"<p>Corpo em alum\u00ednio estrutural com anodiza\u00e7\u00e3o fosca.<br \/>\nConectores e Punhos em pol\u00edmeros injetados.<\/p>\n","protected":false},"featured_media":294,"comment_status":"closed","ping_status":"closed","template":"","meta":[],"_links":{"self":[{"href":"http:\/\/baraoequipamentos.com.br\/barao\/wp-json\/wp\/v2\/product\/293"}],"collection":[{"href":"http:\/\/baraoequipamentos.com.br\/barao\/wp-json\/wp\/v2\/product"}],"about":[{"href":"http:\/\/baraoequipamentos.com.br\/barao\/wp-json\/wp\/v2\/types\/product"}],"replies":[{"embeddable":true,"href":"http:\/\/baraoequipamentos.com.br\/barao\/wp-json\/wp\/v2\/comments?post=293"}],"wp:featuredmedia":[{"embeddable":true,"href":"http:\/\/baraoequipamentos.com.br\/barao\/wp-json\/wp\/v2\/media\/294"}],"wp:attachment":[{"href":"http:\/\/baraoequipamentos.com.br\/barao\/wp-json\/wp\/v2\/media?parent=293"}],"curies":[{"name":"wp","href":"https:\/\/api.w.org\/{rel}","templated":true}]}}