{"id":303,"date":"2018-03-08T18:05:03","date_gmt":"2018-03-08T18:05:03","guid":{"rendered":"http:\/\/baraoequipamentos.com.br\/barao\/?post_type=product&#038;p=303"},"modified":"2018-03-09T17:58:52","modified_gmt":"2018-03-09T17:58:52","slug":"andador-dobravel-e-articulado","status":"publish","type":"product","link":"http:\/\/baraoequipamentos.com.br\/barao\/produto\/andador-dobravel-e-articulado\/","title":{"rendered":"Andador Dobr\u00e1vel e Articulado"},"content":{"rendered":"<p>Fabricado em alum\u00ednio anodizado espelhado, que n\u00e3o risca e n\u00e3o perde o brilho.<br \/>\nSete n\u00edveis de regulagem de altura, atrav\u00e9s de pinos de f\u00e1cil ajuste.<br \/>\nIndicado para usu\u00e1rio at\u00e9 130 Kg.<\/p>\n","protected":false},"excerpt":{"rendered":"<p>Fabricado em alum\u00ednio anodizado espelhado, que n\u00e3o risca e n\u00e3o perde o brilho.<br \/>\nSete n\u00edveis de regulagem de altura, atrav\u00e9s de pinos de f\u00e1cil ajuste.<\/p>\n","protected":false},"featured_media":304,"comment_status":"closed","ping_status":"closed","template":"","meta":[],"_links":{"self":[{"href":"http:\/\/baraoequipamentos.com.br\/barao\/wp-json\/wp\/v2\/product\/303"}],"collection":[{"href":"http:\/\/baraoequipamentos.com.br\/barao\/wp-json\/wp\/v2\/product"}],"about":[{"href":"http:\/\/baraoequipamentos.com.br\/barao\/wp-json\/wp\/v2\/types\/product"}],"replies":[{"embeddable":true,"href":"http:\/\/baraoequipamentos.com.br\/barao\/wp-json\/wp\/v2\/comments?post=303"}],"wp:featuredmedia":[{"embeddable":true,"href":"http:\/\/baraoequipamentos.com.br\/barao\/wp-json\/wp\/v2\/media\/304"}],"wp:attachment":[{"href":"http:\/\/baraoequipamentos.com.br\/barao\/wp-json\/wp\/v2\/media?parent=303"}],"curies":[{"name":"wp","href":"https:\/\/api.w.org\/{rel}","templated":true}]}}