{"id":305,"date":"2018-03-08T18:05:57","date_gmt":"2018-03-08T18:05:57","guid":{"rendered":"http:\/\/baraoequipamentos.com.br\/barao\/?post_type=product&#038;p=305"},"modified":"2018-03-09T17:58:47","modified_gmt":"2018-03-09T17:58:47","slug":"andador-em-aluminio-pop","status":"publish","type":"product","link":"http:\/\/baraoequipamentos.com.br\/barao\/produto\/andador-em-aluminio-pop\/","title":{"rendered":"Andador em Alum\u00ednio  POP"},"content":{"rendered":"<p>Constru\u00eddo em alum\u00ednio aeron\u00e1utico<br \/>\nDobr\u00e1vel e articulado, possibilitando ao usu\u00e1rio dois tipos de marchas.<br \/>\nPintura frontal eletrost\u00e1tica ep\u00f3xi<br \/>\nRegul\u00e1vel em altura<br \/>\nCapacidade para 100 Kg <\/p>\n","protected":false},"excerpt":{"rendered":"<p>Constru\u00eddo em alum\u00ednio aeron\u00e1utico<br \/>\nDobr\u00e1vel e articulado, possibilitando ao usu\u00e1rio dois tipos de marchas.<\/p>\n","protected":false},"featured_media":306,"comment_status":"closed","ping_status":"closed","template":"","meta":[],"_links":{"self":[{"href":"http:\/\/baraoequipamentos.com.br\/barao\/wp-json\/wp\/v2\/product\/305"}],"collection":[{"href":"http:\/\/baraoequipamentos.com.br\/barao\/wp-json\/wp\/v2\/product"}],"about":[{"href":"http:\/\/baraoequipamentos.com.br\/barao\/wp-json\/wp\/v2\/types\/product"}],"replies":[{"embeddable":true,"href":"http:\/\/baraoequipamentos.com.br\/barao\/wp-json\/wp\/v2\/comments?post=305"}],"wp:featuredmedia":[{"embeddable":true,"href":"http:\/\/baraoequipamentos.com.br\/barao\/wp-json\/wp\/v2\/media\/306"}],"wp:attachment":[{"href":"http:\/\/baraoequipamentos.com.br\/barao\/wp-json\/wp\/v2\/media?parent=305"}],"curies":[{"name":"wp","href":"https:\/\/api.w.org\/{rel}","templated":true}]}}