{"id":315,"date":"2018-03-08T18:20:21","date_gmt":"2018-03-08T18:20:21","guid":{"rendered":"http:\/\/baraoequipamentos.com.br\/barao\/?post_type=product&#038;p=315"},"modified":"2018-03-09T18:03:23","modified_gmt":"2018-03-09T18:03:23","slug":"bengala-em-t-de-aluminio-regulavel-larga-ou-fina","status":"publish","type":"product","link":"http:\/\/baraoequipamentos.com.br\/barao\/produto\/bengala-em-t-de-aluminio-regulavel-larga-ou-fina\/","title":{"rendered":"Bengala em \u201cT\u201d de Alum\u00ednio Regulavel Larga ou Fina"},"content":{"rendered":"<p>Indicado para auxiliar as pessoas com dificuldades de locomo\u00e7\u00e3o.<br \/>\nFabricada em alum\u00ednio anodizado.<br \/>\nCabo anat\u00f4mico em pl\u00e1stico.<br \/>\nPonteira em Borracha.<br \/>\nExtremamente leve e resistente.<br \/>\nMaior resist\u00eancia lateral.<br \/>\nRegul\u00e1vel.<\/p>\n","protected":false},"excerpt":{"rendered":"<p>Indicado para auxiliar as pessoas com dificuldades de locomo\u00e7\u00e3o.<br \/>\nFabricada em alum\u00ednio anodizado.<\/p>\n","protected":false},"featured_media":316,"comment_status":"closed","ping_status":"closed","template":"","meta":[],"_links":{"self":[{"href":"http:\/\/baraoequipamentos.com.br\/barao\/wp-json\/wp\/v2\/product\/315"}],"collection":[{"href":"http:\/\/baraoequipamentos.com.br\/barao\/wp-json\/wp\/v2\/product"}],"about":[{"href":"http:\/\/baraoequipamentos.com.br\/barao\/wp-json\/wp\/v2\/types\/product"}],"replies":[{"embeddable":true,"href":"http:\/\/baraoequipamentos.com.br\/barao\/wp-json\/wp\/v2\/comments?post=315"}],"wp:featuredmedia":[{"embeddable":true,"href":"http:\/\/baraoequipamentos.com.br\/barao\/wp-json\/wp\/v2\/media\/316"}],"wp:attachment":[{"href":"http:\/\/baraoequipamentos.com.br\/barao\/wp-json\/wp\/v2\/media?parent=315"}],"curies":[{"name":"wp","href":"https:\/\/api.w.org\/{rel}","templated":true}]}}