{"id":321,"date":"2018-03-08T18:23:56","date_gmt":"2018-03-08T18:23:56","guid":{"rendered":"http:\/\/baraoequipamentos.com.br\/barao\/?post_type=product&#038;p=321"},"modified":"2018-03-09T18:02:19","modified_gmt":"2018-03-09T18:02:19","slug":"muleta-canadense-articulada","status":"publish","type":"product","link":"http:\/\/baraoequipamentos.com.br\/barao\/produto\/muleta-canadense-articulada\/","title":{"rendered":"Muleta Canadense Articulada"},"content":{"rendered":"<p>Quatro regulagens de altura na parte superior e dez regulagens de altura na parte inferior.<br \/>\nFabricada em alum\u00ednio anodizado espelhado, que n\u00e3o risca e n\u00e3o perde o brilho.<br \/>\nAjuste ao tamanho do bra\u00e7o.<br \/>\nApoio de bra\u00e7o em polipropileno.<br \/>\nPonteiras em borracha com pe\u00e7a met\u00e1lica interna que reduz o desgaste e aumenta a durabilidade.<br \/>\nV\u00e1rias cores.<br \/>\nResist\u00eancia: At\u00e9 130 kg\/par.<\/p>\n","protected":false},"excerpt":{"rendered":"<p>uatro regulagens de altura na parte superior e dez regulagens de altura na parte inferior.<br \/>\nFabricada em alum\u00ednio anodizado espelhado, que n\u00e3o risca e n\u00e3o perde o brilho<\/p>\n","protected":false},"featured_media":322,"comment_status":"closed","ping_status":"closed","template":"","meta":[],"_links":{"self":[{"href":"http:\/\/baraoequipamentos.com.br\/barao\/wp-json\/wp\/v2\/product\/321"}],"collection":[{"href":"http:\/\/baraoequipamentos.com.br\/barao\/wp-json\/wp\/v2\/product"}],"about":[{"href":"http:\/\/baraoequipamentos.com.br\/barao\/wp-json\/wp\/v2\/types\/product"}],"replies":[{"embeddable":true,"href":"http:\/\/baraoequipamentos.com.br\/barao\/wp-json\/wp\/v2\/comments?post=321"}],"wp:featuredmedia":[{"embeddable":true,"href":"http:\/\/baraoequipamentos.com.br\/barao\/wp-json\/wp\/v2\/media\/322"}],"wp:attachment":[{"href":"http:\/\/baraoequipamentos.com.br\/barao\/wp-json\/wp\/v2\/media?parent=321"}],"curies":[{"name":"wp","href":"https:\/\/api.w.org\/{rel}","templated":true}]}}