{"id":323,"date":"2018-03-08T18:25:31","date_gmt":"2018-03-08T18:25:31","guid":{"rendered":"http:\/\/baraoequipamentos.com.br\/barao\/?post_type=product&#038;p=323"},"modified":"2018-03-09T18:02:13","modified_gmt":"2018-03-09T18:02:13","slug":"muleta-canadense-fixa-sem-regulagens","status":"publish","type":"product","link":"http:\/\/baraoequipamentos.com.br\/barao\/produto\/muleta-canadense-fixa-sem-regulagens\/","title":{"rendered":"Muleta Canadense Fixa sem Regulagens"},"content":{"rendered":"<p>Fabricada em alum\u00ednio estrutural com anodiza\u00e7\u00e3o fosca.<br \/>\nCabo injetado em PP.<br \/>\nAnti Ru\u00eddo Interno.<br \/>\nPino Mola Retr\u00e1til de engate r\u00e1pido.<br \/>\nPonteira 7\/8&#8243; Longa.<br \/>\nArticula\u00e7\u00e3o na parte superior do Cabo;<\/p>\n","protected":false},"excerpt":{"rendered":"<p>Fabricada em alum\u00ednio estrutural com anodiza\u00e7\u00e3o fosca.<br \/>\nCabo injetado em PP.<\/p>\n","protected":false},"featured_media":324,"comment_status":"closed","ping_status":"closed","template":"","meta":[],"_links":{"self":[{"href":"http:\/\/baraoequipamentos.com.br\/barao\/wp-json\/wp\/v2\/product\/323"}],"collection":[{"href":"http:\/\/baraoequipamentos.com.br\/barao\/wp-json\/wp\/v2\/product"}],"about":[{"href":"http:\/\/baraoequipamentos.com.br\/barao\/wp-json\/wp\/v2\/types\/product"}],"replies":[{"embeddable":true,"href":"http:\/\/baraoequipamentos.com.br\/barao\/wp-json\/wp\/v2\/comments?post=323"}],"wp:featuredmedia":[{"embeddable":true,"href":"http:\/\/baraoequipamentos.com.br\/barao\/wp-json\/wp\/v2\/media\/324"}],"wp:attachment":[{"href":"http:\/\/baraoequipamentos.com.br\/barao\/wp-json\/wp\/v2\/media?parent=323"}],"curies":[{"name":"wp","href":"https:\/\/api.w.org\/{rel}","templated":true}]}}