{"id":325,"date":"2018-03-08T18:27:05","date_gmt":"2018-03-08T18:27:05","guid":{"rendered":"http:\/\/baraoequipamentos.com.br\/barao\/?post_type=product&#038;p=325"},"modified":"2018-03-09T18:02:07","modified_gmt":"2018-03-09T18:02:07","slug":"muleta-canadense-fixa-adulto-e-infantil","status":"publish","type":"product","link":"http:\/\/baraoequipamentos.com.br\/barao\/produto\/muleta-canadense-fixa-adulto-e-infantil\/","title":{"rendered":"Muleta Canadense Fixa Adulto e Infantil"},"content":{"rendered":"<p>Fabricada em alum\u00ednio anodizado espelhado, que n\u00e3o risca e n\u00e3o perde o brilho.<br \/>\nBra\u00e7adeira anat\u00f4mica.<br \/>\nApoio de m\u00e3o anat\u00f4mico em polipropileno.<br \/>\nDez n\u00edveis de regulagem de altura, atrav\u00e9s de pino de engate r\u00e1pido.<br \/>\nPonteira em borracha.<br \/>\nResist\u00eancia: at\u00e9 130 kg\/par.<\/p>\n","protected":false},"excerpt":{"rendered":"<p>Fabricada em alum\u00ednio anodizado espelhado, que n\u00e3o risca e n\u00e3o perde o brilho.<br \/>\nBra\u00e7adeira anat\u00f4mica.<\/p>\n","protected":false},"featured_media":326,"comment_status":"closed","ping_status":"closed","template":"","meta":[],"_links":{"self":[{"href":"http:\/\/baraoequipamentos.com.br\/barao\/wp-json\/wp\/v2\/product\/325"}],"collection":[{"href":"http:\/\/baraoequipamentos.com.br\/barao\/wp-json\/wp\/v2\/product"}],"about":[{"href":"http:\/\/baraoequipamentos.com.br\/barao\/wp-json\/wp\/v2\/types\/product"}],"replies":[{"embeddable":true,"href":"http:\/\/baraoequipamentos.com.br\/barao\/wp-json\/wp\/v2\/comments?post=325"}],"wp:featuredmedia":[{"embeddable":true,"href":"http:\/\/baraoequipamentos.com.br\/barao\/wp-json\/wp\/v2\/media\/326"}],"wp:attachment":[{"href":"http:\/\/baraoequipamentos.com.br\/barao\/wp-json\/wp\/v2\/media?parent=325"}],"curies":[{"name":"wp","href":"https:\/\/api.w.org\/{rel}","templated":true}]}}