{"id":327,"date":"2018-03-08T18:28:11","date_gmt":"2018-03-08T18:28:11","guid":{"rendered":"http:\/\/baraoequipamentos.com.br\/barao\/?post_type=product&#038;p=327"},"modified":"2018-03-09T18:01:58","modified_gmt":"2018-03-09T18:01:58","slug":"muleta-axilar-aluminio","status":"publish","type":"product","link":"http:\/\/baraoequipamentos.com.br\/barao\/produto\/muleta-axilar-aluminio\/","title":{"rendered":"Muleta Axilar Alum\u00ednio"},"content":{"rendered":"<p>Fabricada em alum\u00ednio de alta resist\u00eancia.<br \/>\n10 n\u00edveis de regulagem inferior atrav\u00e9s de pino duplo com mola.<br \/>\n5 n\u00edveis de regulagem superior.<br \/>\nPonteiras em borracha.<br \/>\nTamanho: P \/ M \/ G.<\/p>\n","protected":false},"excerpt":{"rendered":"<p>Fabricada em alum\u00ednio de alta resist\u00eancia.<br \/>\n10 n\u00edveis de regulagem inferior atrav\u00e9s de pino duplo com mola.<\/p>\n","protected":false},"featured_media":328,"comment_status":"closed","ping_status":"closed","template":"","meta":[],"_links":{"self":[{"href":"http:\/\/baraoequipamentos.com.br\/barao\/wp-json\/wp\/v2\/product\/327"}],"collection":[{"href":"http:\/\/baraoequipamentos.com.br\/barao\/wp-json\/wp\/v2\/product"}],"about":[{"href":"http:\/\/baraoequipamentos.com.br\/barao\/wp-json\/wp\/v2\/types\/product"}],"replies":[{"embeddable":true,"href":"http:\/\/baraoequipamentos.com.br\/barao\/wp-json\/wp\/v2\/comments?post=327"}],"wp:featuredmedia":[{"embeddable":true,"href":"http:\/\/baraoequipamentos.com.br\/barao\/wp-json\/wp\/v2\/media\/328"}],"wp:attachment":[{"href":"http:\/\/baraoequipamentos.com.br\/barao\/wp-json\/wp\/v2\/media?parent=327"}],"curies":[{"name":"wp","href":"https:\/\/api.w.org\/{rel}","templated":true}]}}