{"id":332,"date":"2018-03-08T18:57:57","date_gmt":"2018-03-08T18:57:57","guid":{"rendered":"http:\/\/baraoequipamentos.com.br\/barao\/?post_type=product&#038;p=332"},"modified":"2018-03-09T17:34:25","modified_gmt":"2018-03-09T17:34:25","slug":"cadeira-de-rodas-stand-uo-manual","status":"publish","type":"product","link":"http:\/\/baraoequipamentos.com.br\/barao\/produto\/cadeira-de-rodas-stand-uo-manual\/","title":{"rendered":"Cadeira de Rodas Stand Uo Manual"},"content":{"rendered":"<p>Estrutura tubular de a\u00e7o carbono.<br \/>\nApoio de bra\u00e7os e suporte de p\u00e9s rebat\u00edveis, destac\u00e1veis e regul\u00e1veis.<br \/>\nRodas traseiras raiadas de  24\u2019 com pneus infl\u00e1veis ou maci\u00e7os e rodas dianteiras de 6\u2019 com pneus maci\u00e7os.<br \/>\nEncosto acolchoado e assento com almofada de espuma.<br \/>\nFun\u00e7\u00e3o stand up com atuador linear el\u00e9trico, baterias e carregador.<br \/>\nApoio de cabe\u00e7a<br \/>\nIndicada para usu\u00e1rio at\u00e9 130 kg.<br \/>\nOPCIONAIS SOB CONSULTA. <\/p>\n","protected":false},"excerpt":{"rendered":"<p>MODELOS DOBR\u00c1VEIS<br \/>\nOUTROS MODELOS SOB CONSULTA<\/p>\n","protected":false},"featured_media":333,"comment_status":"closed","ping_status":"closed","template":"","meta":[],"_links":{"self":[{"href":"http:\/\/baraoequipamentos.com.br\/barao\/wp-json\/wp\/v2\/product\/332"}],"collection":[{"href":"http:\/\/baraoequipamentos.com.br\/barao\/wp-json\/wp\/v2\/product"}],"about":[{"href":"http:\/\/baraoequipamentos.com.br\/barao\/wp-json\/wp\/v2\/types\/product"}],"replies":[{"embeddable":true,"href":"http:\/\/baraoequipamentos.com.br\/barao\/wp-json\/wp\/v2\/comments?post=332"}],"wp:featuredmedia":[{"embeddable":true,"href":"http:\/\/baraoequipamentos.com.br\/barao\/wp-json\/wp\/v2\/media\/333"}],"wp:attachment":[{"href":"http:\/\/baraoequipamentos.com.br\/barao\/wp-json\/wp\/v2\/media?parent=332"}],"curies":[{"name":"wp","href":"https:\/\/api.w.org\/{rel}","templated":true}]}}