{"id":341,"date":"2018-03-08T19:02:51","date_gmt":"2018-03-08T19:02:51","guid":{"rendered":"http:\/\/baraoequipamentos.com.br\/barao\/?post_type=product&#038;p=341"},"modified":"2018-03-09T17:35:02","modified_gmt":"2018-03-09T17:35:02","slug":"cadeira-de-rodas-m-2000","status":"publish","type":"product","link":"http:\/\/baraoequipamentos.com.br\/barao\/produto\/cadeira-de-rodas-m-2000\/","title":{"rendered":"Cadeira de Rodas M 2000"},"content":{"rendered":"<p>Estrutura em a\u00e7o carbono dobr\u00e1vel.<br \/>\nAssento e encosto em nylon almofadado.<br \/>\nApoio para os bra\u00e7os e p\u00e9s remov\u00edveis<br \/>\nRodas traseiras de 24\u2019 com pneus maci\u00e7os ou infl\u00e1veis e rodas dianteiras de 6\u2019 com pneus maci\u00e7os.<br \/>\nFreios bilaterais.<br \/>\nIndicado para usu\u00e1rios at\u00e9 85 kg.<\/p>\n","protected":false},"excerpt":{"rendered":"<p>MODELOS DOBR\u00c1VEIS<br \/>\nOUTROS MODELOS SOB CONSULTA<\/p>\n","protected":false},"featured_media":342,"comment_status":"closed","ping_status":"closed","template":"","meta":[],"_links":{"self":[{"href":"http:\/\/baraoequipamentos.com.br\/barao\/wp-json\/wp\/v2\/product\/341"}],"collection":[{"href":"http:\/\/baraoequipamentos.com.br\/barao\/wp-json\/wp\/v2\/product"}],"about":[{"href":"http:\/\/baraoequipamentos.com.br\/barao\/wp-json\/wp\/v2\/types\/product"}],"replies":[{"embeddable":true,"href":"http:\/\/baraoequipamentos.com.br\/barao\/wp-json\/wp\/v2\/comments?post=341"}],"wp:featuredmedia":[{"embeddable":true,"href":"http:\/\/baraoequipamentos.com.br\/barao\/wp-json\/wp\/v2\/media\/342"}],"wp:attachment":[{"href":"http:\/\/baraoequipamentos.com.br\/barao\/wp-json\/wp\/v2\/media?parent=341"}],"curies":[{"name":"wp","href":"https:\/\/api.w.org\/{rel}","templated":true}]}}