{"id":349,"date":"2018-03-08T19:09:06","date_gmt":"2018-03-08T19:09:06","guid":{"rendered":"http:\/\/baraoequipamentos.com.br\/barao\/?post_type=product&#038;p=349"},"modified":"2018-03-09T17:36:30","modified_gmt":"2018-03-09T17:36:30","slug":"cadeira-de-rodas-confort-elite-obeso","status":"publish","type":"product","link":"http:\/\/baraoequipamentos.com.br\/barao\/produto\/cadeira-de-rodas-confort-elite-obeso\/","title":{"rendered":"Cadeira de Rodas Confort Elite Obeso"},"content":{"rendered":"<p>Estrutura em tubos de a\u00e7o carbono, dobr\u00e1vel em \u201cX\u201dduplo com pintura ep\u00f3xi (eletrost\u00e1tica) .<br \/>\nAssento duplo refor\u00e7ado com almofada e encosto duplo almofadado.<br \/>\nApoio para os bra\u00e7os escamote\u00e1veis.<br \/>\nApoios para os p\u00e9s remov\u00edveis, rebat\u00edveis lateralmente e regulagem de altura.<br \/>\nApoio de panturrilha com faixa de nylon.<br \/>\nRodas traseiras de 24\u201d em nylon destac\u00e1veis com pneus infl\u00e1veis e rodas dianteiras  de 6\u201d raiada em nylon com pneu maci\u00e7o.<br \/>\nIndicado para usu\u00e1rios at\u00e9 160 Kg.<\/p>\n","protected":false},"excerpt":{"rendered":"<p>MODELOS DOBR\u00c1VEIS<br \/>\nOUTROS MODELOS SOB CONSULTA<\/p>\n","protected":false},"featured_media":350,"comment_status":"closed","ping_status":"closed","template":"","meta":[],"_links":{"self":[{"href":"http:\/\/baraoequipamentos.com.br\/barao\/wp-json\/wp\/v2\/product\/349"}],"collection":[{"href":"http:\/\/baraoequipamentos.com.br\/barao\/wp-json\/wp\/v2\/product"}],"about":[{"href":"http:\/\/baraoequipamentos.com.br\/barao\/wp-json\/wp\/v2\/types\/product"}],"replies":[{"embeddable":true,"href":"http:\/\/baraoequipamentos.com.br\/barao\/wp-json\/wp\/v2\/comments?post=349"}],"wp:featuredmedia":[{"embeddable":true,"href":"http:\/\/baraoequipamentos.com.br\/barao\/wp-json\/wp\/v2\/media\/350"}],"wp:attachment":[{"href":"http:\/\/baraoequipamentos.com.br\/barao\/wp-json\/wp\/v2\/media?parent=349"}],"curies":[{"name":"wp","href":"https:\/\/api.w.org\/{rel}","templated":true}]}}