{"id":351,"date":"2018-03-08T19:10:43","date_gmt":"2018-03-08T19:10:43","guid":{"rendered":"http:\/\/baraoequipamentos.com.br\/barao\/?post_type=product&#038;p=351"},"modified":"2018-03-09T17:37:20","modified_gmt":"2018-03-09T17:37:20","slug":"cadeira-de-rodas-repan-infantil","status":"publish","type":"product","link":"http:\/\/baraoequipamentos.com.br\/barao\/produto\/cadeira-de-rodas-repan-infantil\/","title":{"rendered":"Cadeira de Rodas Repan Infantil"},"content":{"rendered":"<p>Constru\u00edda em a\u00e7o carbono.<br \/>\nPintura ep\u00f3xi.<br \/>\nEstrutura dobr\u00e1vel em \u201cX\u201d.<br \/>\nAssento e encosto em nylon almofadado.<br \/>\nFreios bilaterais.<br \/>\nRodas traseiras de 20\u2019 com pneus infl\u00e1veis e rodas dianteiras de 6\u2019 com pneus maci\u00e7os<br \/>\nApoio de bra\u00e7os e p\u00e9s com regulagem de \u00e2ngulo de altura.<br \/>\nApoio de  bra\u00e7os remov\u00edveis.<br \/>\nApoio de panturrilha.<br \/>\nIndicada para usu\u00e1rio at\u00e9 70 kg.<\/p>\n","protected":false},"excerpt":{"rendered":"<p>MODELOS DOBR\u00c1VEIS<br \/>\nOUTROS MODELOS SOB CONSULTA<\/p>\n","protected":false},"featured_media":352,"comment_status":"closed","ping_status":"closed","template":"","meta":[],"_links":{"self":[{"href":"http:\/\/baraoequipamentos.com.br\/barao\/wp-json\/wp\/v2\/product\/351"}],"collection":[{"href":"http:\/\/baraoequipamentos.com.br\/barao\/wp-json\/wp\/v2\/product"}],"about":[{"href":"http:\/\/baraoequipamentos.com.br\/barao\/wp-json\/wp\/v2\/types\/product"}],"replies":[{"embeddable":true,"href":"http:\/\/baraoequipamentos.com.br\/barao\/wp-json\/wp\/v2\/comments?post=351"}],"wp:featuredmedia":[{"embeddable":true,"href":"http:\/\/baraoequipamentos.com.br\/barao\/wp-json\/wp\/v2\/media\/352"}],"wp:attachment":[{"href":"http:\/\/baraoequipamentos.com.br\/barao\/wp-json\/wp\/v2\/media?parent=351"}],"curies":[{"name":"wp","href":"https:\/\/api.w.org\/{rel}","templated":true}]}}