{"id":355,"date":"2018-03-08T19:16:02","date_gmt":"2018-03-08T19:16:02","guid":{"rendered":"http:\/\/baraoequipamentos.com.br\/barao\/?post_type=product&#038;p=355"},"modified":"2018-03-09T17:39:33","modified_gmt":"2018-03-09T17:39:33","slug":"cadeira-de-banho-dobravel","status":"publish","type":"product","link":"http:\/\/baraoequipamentos.com.br\/barao\/produto\/cadeira-de-banho-dobravel\/","title":{"rendered":"Cadeira de Banho Dobr\u00e1vel"},"content":{"rendered":"<p>Cadeira de banho confeccionada em a\u00e7o carbono ideal para uso sanit\u00e1rio e chuveiro.<br \/>\nAssento sanit\u00e1rio remov\u00edvel.<br \/>\nEncosto em nylon.<br \/>\n Apoio para os bra\u00e7os remov\u00edveis.<br \/>\nApoio para os p\u00e9s escamote\u00e1veis.<br \/>\n Freios bilaterais.<br \/>\nRodas traseiras aro 06\u2033 girat\u00f3rias com pneus maci\u00e7os e rodas dianteiras aro 06\u2033 com pneus maci\u00e7os posicionadas na parte interna da cadeira.<br \/>\nIndicada para usu\u00e1rio at\u00e9 70 kg.<\/p>\n","protected":false},"excerpt":{"rendered":"<p>MODELOS DOBR\u00c1VEIS<br \/>\nOUTROS MODELOS SOB CONSULTA<\/p>\n","protected":false},"featured_media":356,"comment_status":"closed","ping_status":"closed","template":"","meta":[],"_links":{"self":[{"href":"http:\/\/baraoequipamentos.com.br\/barao\/wp-json\/wp\/v2\/product\/355"}],"collection":[{"href":"http:\/\/baraoequipamentos.com.br\/barao\/wp-json\/wp\/v2\/product"}],"about":[{"href":"http:\/\/baraoequipamentos.com.br\/barao\/wp-json\/wp\/v2\/types\/product"}],"replies":[{"embeddable":true,"href":"http:\/\/baraoequipamentos.com.br\/barao\/wp-json\/wp\/v2\/comments?post=355"}],"wp:featuredmedia":[{"embeddable":true,"href":"http:\/\/baraoequipamentos.com.br\/barao\/wp-json\/wp\/v2\/media\/356"}],"wp:attachment":[{"href":"http:\/\/baraoequipamentos.com.br\/barao\/wp-json\/wp\/v2\/media?parent=355"}],"curies":[{"name":"wp","href":"https:\/\/api.w.org\/{rel}","templated":true}]}}