{"id":365,"date":"2018-03-08T19:27:53","date_gmt":"2018-03-08T19:27:53","guid":{"rendered":"http:\/\/baraoequipamentos.com.br\/barao\/?post_type=product&#038;p=365"},"modified":"2018-03-09T17:40:30","modified_gmt":"2018-03-09T17:40:30","slug":"cadeira-de-rodas-stand-up-motorizada","status":"publish","type":"product","link":"http:\/\/baraoequipamentos.com.br\/barao\/produto\/cadeira-de-rodas-stand-up-motorizada\/","title":{"rendered":"Cadeira de Rodas Stand Up Motorizada"},"content":{"rendered":"<p>Estrutura monobloco em a\u00e7o carbono tubular<br \/>\nRodas traseiras de 20\u2019 e dianteiras de 8\u2019.<br \/>\nFun\u00e7\u00e3o stand up com atuador linear el\u00e9trico eu permite o usu\u00e1rio ficar em p\u00e9.<br \/>\nEncosto reclin\u00e1vel<br \/>\nJoystick remoto e microprocessado que permite sua instala\u00e7\u00e3o do lado direito, esquerdo ou em qualquer parte da cadeira.<br \/>\nIndicada para usu\u00e1rio at\u00e9 130 kg.<br \/>\nOpcionais sob consulta.<\/p>\n","protected":false},"excerpt":{"rendered":"<p>MODELOS DOBR\u00c1VEIS<br \/>\nOUTROS MODELOS SOB CONSULTA<\/p>\n","protected":false},"featured_media":366,"comment_status":"closed","ping_status":"closed","template":"","meta":[],"_links":{"self":[{"href":"http:\/\/baraoequipamentos.com.br\/barao\/wp-json\/wp\/v2\/product\/365"}],"collection":[{"href":"http:\/\/baraoequipamentos.com.br\/barao\/wp-json\/wp\/v2\/product"}],"about":[{"href":"http:\/\/baraoequipamentos.com.br\/barao\/wp-json\/wp\/v2\/types\/product"}],"replies":[{"embeddable":true,"href":"http:\/\/baraoequipamentos.com.br\/barao\/wp-json\/wp\/v2\/comments?post=365"}],"wp:featuredmedia":[{"embeddable":true,"href":"http:\/\/baraoequipamentos.com.br\/barao\/wp-json\/wp\/v2\/media\/366"}],"wp:attachment":[{"href":"http:\/\/baraoequipamentos.com.br\/barao\/wp-json\/wp\/v2\/media?parent=365"}],"curies":[{"name":"wp","href":"https:\/\/api.w.org\/{rel}","templated":true}]}}