{"id":367,"date":"2018-03-08T19:30:39","date_gmt":"2018-03-08T19:30:39","guid":{"rendered":"http:\/\/baraoequipamentos.com.br\/barao\/?post_type=product&#038;p=367"},"modified":"2018-03-09T17:40:40","modified_gmt":"2018-03-09T17:40:40","slug":"cadeira-motorizada-linha-milenium","status":"publish","type":"product","link":"http:\/\/baraoequipamentos.com.br\/barao\/produto\/cadeira-motorizada-linha-milenium\/","title":{"rendered":"Cadeira Motorizada Linha Milenium"},"content":{"rendered":"<p>As cadeiras de rodas da linha Millenium t\u00eam como destaque o design aliado ao conforto, alto-desempenho e fun\u00e7\u00f5es avan\u00e7adas como lift que \u00e9 a eleva\u00e7\u00e3o do banco acionadas eletronicamente no modelo R, tilt (reclinio el\u00e9trico do banco) e levante  el\u00e9trico do apoio dos p\u00e9s.. S\u00e3o os modelos com maior velocidade final da linha de cadeiras de rodas motorizadas da Freedom, pois os modelos contemplam em linha o conjunto de motores de maior pot\u00eancia. O banco com design anat\u00f4mico oferece ao usu\u00e1rio em uso, alto n\u00edvel de seguran\u00e7a e extremo conforto. Nos modelos R e RT a plataforma dos bancos possibilita ajuste do assento e encosto tanto na largura como no comprimento.<\/p>\n","protected":false},"excerpt":{"rendered":"<p>As cadeiras de rodas da linha Millenium t\u00eam como destaque o design aliado ao conforto.<\/p>\n","protected":false},"featured_media":368,"comment_status":"closed","ping_status":"closed","template":"","meta":[],"_links":{"self":[{"href":"http:\/\/baraoequipamentos.com.br\/barao\/wp-json\/wp\/v2\/product\/367"}],"collection":[{"href":"http:\/\/baraoequipamentos.com.br\/barao\/wp-json\/wp\/v2\/product"}],"about":[{"href":"http:\/\/baraoequipamentos.com.br\/barao\/wp-json\/wp\/v2\/types\/product"}],"replies":[{"embeddable":true,"href":"http:\/\/baraoequipamentos.com.br\/barao\/wp-json\/wp\/v2\/comments?post=367"}],"wp:featuredmedia":[{"embeddable":true,"href":"http:\/\/baraoequipamentos.com.br\/barao\/wp-json\/wp\/v2\/media\/368"}],"wp:attachment":[{"href":"http:\/\/baraoequipamentos.com.br\/barao\/wp-json\/wp\/v2\/media?parent=367"}],"curies":[{"name":"wp","href":"https:\/\/api.w.org\/{rel}","templated":true}]}}