{"id":373,"date":"2018-03-08T19:32:19","date_gmt":"2018-03-08T19:32:19","guid":{"rendered":"http:\/\/baraoequipamentos.com.br\/barao\/?post_type=product&#038;p=373"},"modified":"2018-03-09T17:40:48","modified_gmt":"2018-03-09T17:40:48","slug":"guincho-plus-transfer","status":"publish","type":"product","link":"http:\/\/baraoequipamentos.com.br\/barao\/produto\/guincho-plus-transfer\/","title":{"rendered":"Guincho Plus Transfer"},"content":{"rendered":"<p>Capacidade de levante de 200kg ou 300 Kg.<br \/>\nIndicado para efetuar a transfer\u00eancia de pessoas com defici\u00eancia f\u00edsica, enfermas ou obesas.<br \/>\nUso coletivo em cl\u00ednicas, fisioterapias, hospitais, casas de repouso e outros, autonomia de at\u00e9 10 dias, ampla varia\u00e7\u00e3o de regulagens na coluna e altera\u00e7\u00e3o com acionamento mec\u00e2nico na abertura da base; c\u00e9lula digital de carga (dinam\u00f4metro).<\/p>\n","protected":false},"excerpt":{"rendered":"<p>Capacidade de levante de 200kg ou 300 Kg.<br \/>\nIndicado para efetuar a transfer\u00eancia de pessoas com defici\u00eancia f\u00edsica, enfermas ou obesas.<\/p>\n","protected":false},"featured_media":374,"comment_status":"closed","ping_status":"closed","template":"","meta":[],"_links":{"self":[{"href":"http:\/\/baraoequipamentos.com.br\/barao\/wp-json\/wp\/v2\/product\/373"}],"collection":[{"href":"http:\/\/baraoequipamentos.com.br\/barao\/wp-json\/wp\/v2\/product"}],"about":[{"href":"http:\/\/baraoequipamentos.com.br\/barao\/wp-json\/wp\/v2\/types\/product"}],"replies":[{"embeddable":true,"href":"http:\/\/baraoequipamentos.com.br\/barao\/wp-json\/wp\/v2\/comments?post=373"}],"wp:featuredmedia":[{"embeddable":true,"href":"http:\/\/baraoequipamentos.com.br\/barao\/wp-json\/wp\/v2\/media\/374"}],"wp:attachment":[{"href":"http:\/\/baraoequipamentos.com.br\/barao\/wp-json\/wp\/v2\/media?parent=373"}],"curies":[{"name":"wp","href":"https:\/\/api.w.org\/{rel}","templated":true}]}}