{"id":375,"date":"2018-03-08T19:34:21","date_gmt":"2018-03-08T19:34:21","guid":{"rendered":"http:\/\/baraoequipamentos.com.br\/barao\/?post_type=product&#038;p=375"},"modified":"2018-03-09T17:40:55","modified_gmt":"2018-03-09T17:40:55","slug":"guincho-transfer","status":"publish","type":"product","link":"http:\/\/baraoequipamentos.com.br\/barao\/produto\/guincho-transfer\/","title":{"rendered":"Guincho Transfer"},"content":{"rendered":"<p>Capacidade de levante de 130kg; para pessoas com defici\u00eancia f\u00edsica, enfermas.<br \/>\nDesmont\u00e1vel conforme modelo com travamento sem uso de ferramentas; ampla varia\u00e7\u00e3o de regulagens na coluna e altera\u00e7\u00e3o manual na abertura da base.<br \/>\nIndicado para uso individual ou coletivo em resid\u00eancias, cl\u00ednicas de fisioterapia, hospitais e casa de repouso, neste modelo a c\u00e9lula digital de carga (dinam\u00f4metro) \u00e9 opcional.<\/p>\n","protected":false},"excerpt":{"rendered":"<p>Capacidade de levante de 130kg; para pessoas com defici\u00eancia f\u00edsica, enfermas.<\/p>\n","protected":false},"featured_media":376,"comment_status":"closed","ping_status":"closed","template":"","meta":[],"_links":{"self":[{"href":"http:\/\/baraoequipamentos.com.br\/barao\/wp-json\/wp\/v2\/product\/375"}],"collection":[{"href":"http:\/\/baraoequipamentos.com.br\/barao\/wp-json\/wp\/v2\/product"}],"about":[{"href":"http:\/\/baraoequipamentos.com.br\/barao\/wp-json\/wp\/v2\/types\/product"}],"replies":[{"embeddable":true,"href":"http:\/\/baraoequipamentos.com.br\/barao\/wp-json\/wp\/v2\/comments?post=375"}],"wp:featuredmedia":[{"embeddable":true,"href":"http:\/\/baraoequipamentos.com.br\/barao\/wp-json\/wp\/v2\/media\/376"}],"wp:attachment":[{"href":"http:\/\/baraoequipamentos.com.br\/barao\/wp-json\/wp\/v2\/media?parent=375"}],"curies":[{"name":"wp","href":"https:\/\/api.w.org\/{rel}","templated":true}]}}