{"id":377,"date":"2018-03-08T19:35:38","date_gmt":"2018-03-08T19:35:38","guid":{"rendered":"http:\/\/baraoequipamentos.com.br\/barao\/?post_type=product&#038;p=377"},"modified":"2018-03-09T17:41:03","modified_gmt":"2018-03-09T17:41:03","slug":"guincho-stand-up","status":"publish","type":"product","link":"http:\/\/baraoequipamentos.com.br\/barao\/produto\/guincho-stand-up\/","title":{"rendered":"Guincho Stand Up"},"content":{"rendered":"<p>Capacidade de levante de 130 kg.<br \/>\nPessoa com defici\u00eancia f\u00edsica com les\u00e3o baixa, com t\u00f4nus muscular preservado nos membros superiores; levante com atuador linear el\u00e9trico com apoio para joelhos e base estabilizadora para p\u00e9s possibilitando posicionamento ortost\u00e1tico. Indicado para uso individual ou coletivo em resid\u00eancias, clinicas de fisioterapia, hospitais e casa de repouso.<\/p>\n","protected":false},"excerpt":{"rendered":"<p>Pessoa com defici\u00eancia f\u00edsica com les\u00e3o baixa, com t\u00f4nus muscular preservado nos membros superiores.<\/p>\n","protected":false},"featured_media":380,"comment_status":"closed","ping_status":"closed","template":"","meta":[],"_links":{"self":[{"href":"http:\/\/baraoequipamentos.com.br\/barao\/wp-json\/wp\/v2\/product\/377"}],"collection":[{"href":"http:\/\/baraoequipamentos.com.br\/barao\/wp-json\/wp\/v2\/product"}],"about":[{"href":"http:\/\/baraoequipamentos.com.br\/barao\/wp-json\/wp\/v2\/types\/product"}],"replies":[{"embeddable":true,"href":"http:\/\/baraoequipamentos.com.br\/barao\/wp-json\/wp\/v2\/comments?post=377"}],"wp:featuredmedia":[{"embeddable":true,"href":"http:\/\/baraoequipamentos.com.br\/barao\/wp-json\/wp\/v2\/media\/380"}],"wp:attachment":[{"href":"http:\/\/baraoequipamentos.com.br\/barao\/wp-json\/wp\/v2\/media?parent=377"}],"curies":[{"name":"wp","href":"https:\/\/api.w.org\/{rel}","templated":true}]}}