{"id":382,"date":"2018-03-08T19:41:40","date_gmt":"2018-03-08T19:41:40","guid":{"rendered":"http:\/\/baraoequipamentos.com.br\/barao\/?post_type=product&#038;p=382"},"modified":"2018-03-09T18:06:12","modified_gmt":"2018-03-09T18:06:12","slug":"mirage-rx","status":"publish","type":"product","link":"http:\/\/baraoequipamentos.com.br\/barao\/produto\/mirage-rx\/","title":{"rendered":"MIRAGE RX"},"content":{"rendered":"<p>Estrutura em a\u00e7o carbono monobloco tubular.<br \/>\nApoios de bra\u00e7os rebat\u00edveis.<br \/>\nBanco girat\u00f3rio com regulagem de altura e rebat\u00edvel.<br \/>\nAssento e encosto com espuma moldada revestido em couro ecol\u00f3gico<br \/>\nRodas traseiras e dianteiras 260 mmx85mm com pneus infl\u00e1veis e  rodas de apoio 2x25x17mm.<br \/>\nMotoriza\u00e7\u00e3o com tra\u00e7\u00e3o nas rodas traseiras.<br \/>\nDrive microprocessado  que permite acelera\u00e7\u00e3o, desacelera\u00e7\u00e3o, revers\u00e3o e velocidade.<br \/>\nMotoriza\u00e7\u00e3o com tra\u00e7\u00e3o nas rodas traseiras.<br \/>\nPainel de comando com chaves: liga-desliga.<br \/>\nDuas baterias de 12V  sem manuten\u00e7\u00e3o, que possibilitam autonomia de at\u00e9 30km, recarreg\u00e1veis por carregador inteligente microprocessado bi-voltagem 24V;<br \/>\nIndicada para usu\u00e1rios at\u00e9 145 kg.<\/p>\n","protected":false},"excerpt":{"rendered":"<p>Estrutura em a\u00e7o carbono monobloco tubular.<br \/>\nApoios de bra\u00e7os rebat\u00edveis. <\/p>\n","protected":false},"featured_media":383,"comment_status":"closed","ping_status":"closed","template":"","meta":[],"_links":{"self":[{"href":"http:\/\/baraoequipamentos.com.br\/barao\/wp-json\/wp\/v2\/product\/382"}],"collection":[{"href":"http:\/\/baraoequipamentos.com.br\/barao\/wp-json\/wp\/v2\/product"}],"about":[{"href":"http:\/\/baraoequipamentos.com.br\/barao\/wp-json\/wp\/v2\/types\/product"}],"replies":[{"embeddable":true,"href":"http:\/\/baraoequipamentos.com.br\/barao\/wp-json\/wp\/v2\/comments?post=382"}],"wp:featuredmedia":[{"embeddable":true,"href":"http:\/\/baraoequipamentos.com.br\/barao\/wp-json\/wp\/v2\/media\/383"}],"wp:attachment":[{"href":"http:\/\/baraoequipamentos.com.br\/barao\/wp-json\/wp\/v2\/media?parent=382"}],"curies":[{"name":"wp","href":"https:\/\/api.w.org\/{rel}","templated":true}]}}