{"id":388,"date":"2018-03-08T19:42:41","date_gmt":"2018-03-08T19:42:41","guid":{"rendered":"http:\/\/baraoequipamentos.com.br\/barao\/?post_type=product&#038;p=388"},"modified":"2018-03-09T18:06:03","modified_gmt":"2018-03-09T18:06:03","slug":"mirage-sx","status":"publish","type":"product","link":"http:\/\/baraoequipamentos.com.br\/barao\/produto\/mirage-sx\/","title":{"rendered":"MIRAGE SX"},"content":{"rendered":"<p>Estrutura em a\u00e7o carbono monobloco tubular.<br \/>\nApoios de bra\u00e7os rebat\u00edveis.<br \/>\nBanco girat\u00f3rio com regulagem de altura  e encosto rebat\u00edvel.<br \/>\nAs rodas s\u00e3o de aros em alum\u00ednio injetado com pneus infl\u00e1veis que facilitam o uso externo e amortecem impactos e rodas de apoio 25x17m.<br \/>\nPossui tra\u00e7\u00e3o nas rodas traseiras provida por motor  e motoredutor diferencial que leva o movimento para as rodas, facilitando a manobridade do ve\u00edculo em curvas. Esse scooter est\u00e1 dimensionado para rampas e aclives de at\u00e9 10\u00ba garantindo a seguran\u00e7a do usu\u00e1rio.<br \/>\nPossui gatilhos que controlam a velocidade desejada pelo usu\u00e1rio, que pode ser movido por ambas as m\u00e3os, direita ou esquerda.<br \/>\nPossui duas baterias com tecnologia VRLA (v\u00e1lvula regulada) recarreg\u00e1veis e carregador de baterias bivolt.<br \/>\nIndicada para usu\u00e1rio at\u00e9 135 Kg.<\/p>\n","protected":false},"excerpt":{"rendered":"<p>Estrutura em a\u00e7o carbono monobloco tubular.<br \/>\nApoios de bra\u00e7os rebat\u00edveis.<\/p>\n","protected":false},"featured_media":384,"comment_status":"closed","ping_status":"closed","template":"","meta":[],"_links":{"self":[{"href":"http:\/\/baraoequipamentos.com.br\/barao\/wp-json\/wp\/v2\/product\/388"}],"collection":[{"href":"http:\/\/baraoequipamentos.com.br\/barao\/wp-json\/wp\/v2\/product"}],"about":[{"href":"http:\/\/baraoequipamentos.com.br\/barao\/wp-json\/wp\/v2\/types\/product"}],"replies":[{"embeddable":true,"href":"http:\/\/baraoequipamentos.com.br\/barao\/wp-json\/wp\/v2\/comments?post=388"}],"wp:featuredmedia":[{"embeddable":true,"href":"http:\/\/baraoequipamentos.com.br\/barao\/wp-json\/wp\/v2\/media\/384"}],"wp:attachment":[{"href":"http:\/\/baraoequipamentos.com.br\/barao\/wp-json\/wp\/v2\/media?parent=388"}],"curies":[{"name":"wp","href":"https:\/\/api.w.org\/{rel}","templated":true}]}}