{"id":389,"date":"2018-03-08T19:43:44","date_gmt":"2018-03-08T19:43:44","guid":{"rendered":"http:\/\/baraoequipamentos.com.br\/barao\/?post_type=product&#038;p=389"},"modified":"2018-03-09T18:05:53","modified_gmt":"2018-03-09T18:05:53","slug":"mirage-lp","status":"publish","type":"product","link":"http:\/\/baraoequipamentos.com.br\/barao\/produto\/mirage-lp\/","title":{"rendered":"MIRAGE LP"},"content":{"rendered":"<p>Estrutura em a\u00e7o carbono monobloco dobr\u00e1velem \u201cX\u201d<br \/>\nSistema de freio de estacionamento eletromagn\u00e9tico.<br \/>\nSem apoio de bra\u00e7os.<br \/>\nComando por gatilhos acionados tanto pela m\u00e3o direita como pela esquerda.<br \/>\nUma bateria de 24V 12Ah; carregador de baterias 5A bivolt 120 &#8211; 240V; motoriza\u00e7\u00e3o 4 p\u00f3los 270 W; autonomia m\u00e1xima de 20 km, considerando baterias novas, terreno plano, uso intermitente; autonomia di\u00e1ria ideal 5 km.<br \/>\nVelocidade m\u00e1xima de at\u00e9 6,5 km\/h.<br \/>\nIndicada para usu\u00e1rios at\u00e9 115 kg<\/p>\n","protected":false},"excerpt":{"rendered":"<p>Estrutura em a\u00e7o carbono monobloco dobr\u00e1velem \u201cX\u201d<br \/>\nSistema de freio de estacionamento eletromagn\u00e9tico.<br \/>\nSem apoio de bra\u00e7os.<\/p>\n","protected":false},"featured_media":385,"comment_status":"closed","ping_status":"closed","template":"","meta":[],"_links":{"self":[{"href":"http:\/\/baraoequipamentos.com.br\/barao\/wp-json\/wp\/v2\/product\/389"}],"collection":[{"href":"http:\/\/baraoequipamentos.com.br\/barao\/wp-json\/wp\/v2\/product"}],"about":[{"href":"http:\/\/baraoequipamentos.com.br\/barao\/wp-json\/wp\/v2\/types\/product"}],"replies":[{"embeddable":true,"href":"http:\/\/baraoequipamentos.com.br\/barao\/wp-json\/wp\/v2\/comments?post=389"}],"wp:featuredmedia":[{"embeddable":true,"href":"http:\/\/baraoequipamentos.com.br\/barao\/wp-json\/wp\/v2\/media\/385"}],"wp:attachment":[{"href":"http:\/\/baraoequipamentos.com.br\/barao\/wp-json\/wp\/v2\/media?parent=389"}],"curies":[{"name":"wp","href":"https:\/\/api.w.org\/{rel}","templated":true}]}}