{"id":390,"date":"2018-03-08T19:44:38","date_gmt":"2018-03-08T19:44:38","guid":{"rendered":"http:\/\/baraoequipamentos.com.br\/barao\/?post_type=product&#038;p=390"},"modified":"2018-03-09T18:05:45","modified_gmt":"2018-03-09T18:05:45","slug":"mirage-lr","status":"publish","type":"product","link":"http:\/\/baraoequipamentos.com.br\/barao\/produto\/mirage-lr\/","title":{"rendered":"Mirage LR"},"content":{"rendered":"<p>O Scooter Freedom Mirage LR \u00e9 um ve\u00edculo de tamanho m\u00e9dio da linha de scooters de grande porte da Freedom.<br \/>\nCom desempenho e design diferenciado, \u00e9 ideal para o usu\u00e1rio que se desloca grandes dist\u00e2ncias em ambientes externos ou em \u00e1reas maiores, possuindo autonomia m\u00e1xima de 35 km e velocidade m\u00e1xima de at\u00e9 12 km\/h, com capacidade para usu\u00e1rios de at\u00e9 135 kg.<br \/>\nPossui quatro rodas e suspens\u00e3o independente. A motoriza\u00e7\u00e3o \u00e9 de 600 W de pot\u00eancia.<\/p>\n","protected":false},"excerpt":{"rendered":"<p>O Scooter Freedom Mirage LR \u00e9 um ve\u00edculo de tamanho m\u00e9dio da linha de scooters de grande porte da Freedom.<br \/>\nCom desempenho e design diferenciado, \u00e9 ideal para o usu\u00e1rio que se desloca grandes dist\u00e2ncias em ambientes externos ou em \u00e1reas maiores.<\/p>\n","protected":false},"featured_media":387,"comment_status":"closed","ping_status":"closed","template":"","meta":[],"_links":{"self":[{"href":"http:\/\/baraoequipamentos.com.br\/barao\/wp-json\/wp\/v2\/product\/390"}],"collection":[{"href":"http:\/\/baraoequipamentos.com.br\/barao\/wp-json\/wp\/v2\/product"}],"about":[{"href":"http:\/\/baraoequipamentos.com.br\/barao\/wp-json\/wp\/v2\/types\/product"}],"replies":[{"embeddable":true,"href":"http:\/\/baraoequipamentos.com.br\/barao\/wp-json\/wp\/v2\/comments?post=390"}],"wp:featuredmedia":[{"embeddable":true,"href":"http:\/\/baraoequipamentos.com.br\/barao\/wp-json\/wp\/v2\/media\/387"}],"wp:attachment":[{"href":"http:\/\/baraoequipamentos.com.br\/barao\/wp-json\/wp\/v2\/media?parent=390"}],"curies":[{"name":"wp","href":"https:\/\/api.w.org\/{rel}","templated":true}]}}