{"id":427,"date":"2018-03-09T19:59:22","date_gmt":"2018-03-09T19:59:22","guid":{"rendered":"http:\/\/baraoequipamentos.com.br\/barao\/?post_type=product&#038;p=427"},"modified":"2018-03-09T20:28:47","modified_gmt":"2018-03-09T20:28:47","slug":"cadeira-de-rodas-avd-hemiplegica","status":"publish","type":"product","link":"http:\/\/baraoequipamentos.com.br\/barao\/produto\/cadeira-de-rodas-avd-hemiplegica\/","title":{"rendered":"Cadeira de Rodas AVD Hemipl\u00e9gica"},"content":{"rendered":"<p>Estrutura em alum\u00ednio totalmente desmont\u00e1vel.<br \/>\nPintura ep\u00f3xi.<br \/>\nDobr\u00e1vel em \u201cX\u201d duplo com sistema de guias.<br \/>\nRodas traseiras raiadas de 24\u201d com pneus infl\u00e1veis e rodas dianteiras de 6\u201d com pneus maci\u00e7os.<br \/>\nSistema de transmiss\u00e3o que possibilita manobras com uma \u00fanica m\u00e3o; op\u00e7\u00e3o de mudan\u00e7a de lado da roda traseira transmissora  de acordo com a necessidade do usu\u00e1rio.<br \/>\nIndicada para usu\u00e1rios at\u00e9 120 Kg.<br \/>\nOpcionais sob consulta.<\/p>\n","protected":false},"excerpt":{"rendered":"<p>Estrutura em alum\u00ednio totalmente desmont\u00e1vel.<br \/>\nPintura ep\u00f3xi.<\/p>\n","protected":false},"featured_media":435,"comment_status":"closed","ping_status":"closed","template":"","meta":[],"_links":{"self":[{"href":"http:\/\/baraoequipamentos.com.br\/barao\/wp-json\/wp\/v2\/product\/427"}],"collection":[{"href":"http:\/\/baraoequipamentos.com.br\/barao\/wp-json\/wp\/v2\/product"}],"about":[{"href":"http:\/\/baraoequipamentos.com.br\/barao\/wp-json\/wp\/v2\/types\/product"}],"replies":[{"embeddable":true,"href":"http:\/\/baraoequipamentos.com.br\/barao\/wp-json\/wp\/v2\/comments?post=427"}],"wp:featuredmedia":[{"embeddable":true,"href":"http:\/\/baraoequipamentos.com.br\/barao\/wp-json\/wp\/v2\/media\/435"}],"wp:attachment":[{"href":"http:\/\/baraoequipamentos.com.br\/barao\/wp-json\/wp\/v2\/media?parent=427"}],"curies":[{"name":"wp","href":"https:\/\/api.w.org\/{rel}","templated":true}]}}