{"id":429,"date":"2018-03-09T20:04:51","date_gmt":"2018-03-09T20:04:51","guid":{"rendered":"http:\/\/baraoequipamentos.com.br\/barao\/?post_type=product&#038;p=429"},"modified":"2018-03-09T20:29:52","modified_gmt":"2018-03-09T20:29:52","slug":"cadeira-de-rodas-k3","status":"publish","type":"product","link":"http:\/\/baraoequipamentos.com.br\/barao\/produto\/cadeira-de-rodas-k3\/","title":{"rendered":"Cadeira de Rodas K3"},"content":{"rendered":"<p>Estrutura em alum\u00ednio dobr\u00e1vel e \u201cX\u201d em alum\u00ednio totalmente desmont\u00e1vel.<br \/>\nPedal desmont\u00e1vel com ajuste de \u00e2ngulo.<br \/>\nAjuste do centro de gravidade<br \/>\nRodas raiadas de 24\u201d com pneus infl\u00e1veis e rodas dianteiras de 6\u201d com pneus maci\u00e7os.<br \/>\nApoio de p\u00e9s fixos com regulagem de altura.<br \/>\nEstofamento com ajuste de tens\u00e3o<br \/>\nApoio de bra\u00e7os rebat\u00edvel e remov\u00edvel<br \/>\nIndicado para usu\u00e1rios at\u00e9 120 kg.<br \/>\nOpcionais: sob consulta<\/p>\n","protected":false},"excerpt":{"rendered":"<p>Estrutura em alum\u00ednio dobr\u00e1vel e \u201cX\u201d em alum\u00ednio totalmente desmont\u00e1vel.<br \/>\nPedal desmont\u00e1vel com ajuste de \u00e2ngulo.<\/p>\n","protected":false},"featured_media":436,"comment_status":"closed","ping_status":"closed","template":"","meta":[],"_links":{"self":[{"href":"http:\/\/baraoequipamentos.com.br\/barao\/wp-json\/wp\/v2\/product\/429"}],"collection":[{"href":"http:\/\/baraoequipamentos.com.br\/barao\/wp-json\/wp\/v2\/product"}],"about":[{"href":"http:\/\/baraoequipamentos.com.br\/barao\/wp-json\/wp\/v2\/types\/product"}],"replies":[{"embeddable":true,"href":"http:\/\/baraoequipamentos.com.br\/barao\/wp-json\/wp\/v2\/comments?post=429"}],"wp:featuredmedia":[{"embeddable":true,"href":"http:\/\/baraoequipamentos.com.br\/barao\/wp-json\/wp\/v2\/media\/436"}],"wp:attachment":[{"href":"http:\/\/baraoequipamentos.com.br\/barao\/wp-json\/wp\/v2\/media?parent=429"}],"curies":[{"name":"wp","href":"https:\/\/api.w.org\/{rel}","templated":true}]}}