{"id":432,"date":"2018-03-09T20:25:15","date_gmt":"2018-03-09T20:25:15","guid":{"rendered":"http:\/\/baraoequipamentos.com.br\/barao\/?post_type=product&#038;p=432"},"modified":"2018-03-09T20:30:59","modified_gmt":"2018-03-09T20:30:59","slug":"cadeira-de-rodas-ulx","status":"publish","type":"product","link":"http:\/\/baraoequipamentos.com.br\/barao\/produto\/cadeira-de-rodas-ulx\/","title":{"rendered":"Cadeira de Rodas ULX"},"content":{"rendered":"<p>Estrutura em alum\u00ednio dobr\u00e1vel em \u201cX\u201d duplo refor\u00e7ado,<br \/>\ntotalmente desmont\u00e1vel.<br \/>\nRodas traseiras de 24\u201draiadas com pneus infl\u00e1veis; rodas<br \/>\ndianteiras de 6\u201d com pneus maci\u00e7os.<br \/>\nApoio de p\u00e9s ajust\u00e1veis e desmont\u00e1veis.<br \/>\nApoio de bra\u00e7os escamote\u00e1vel.<br \/>\nIndicado para usu\u00e1rio at\u00e9 140 kg<br \/>\nOpcional sob consulta<\/p>\n","protected":false},"excerpt":{"rendered":"<p>Estrutura em alum\u00ednio dobr\u00e1vel em \u201cX\u201d duplo refor\u00e7ado,<br \/>\ntotalmente desmont\u00e1vel.<\/p>\n","protected":false},"featured_media":437,"comment_status":"closed","ping_status":"closed","template":"","meta":[],"_links":{"self":[{"href":"http:\/\/baraoequipamentos.com.br\/barao\/wp-json\/wp\/v2\/product\/432"}],"collection":[{"href":"http:\/\/baraoequipamentos.com.br\/barao\/wp-json\/wp\/v2\/product"}],"about":[{"href":"http:\/\/baraoequipamentos.com.br\/barao\/wp-json\/wp\/v2\/types\/product"}],"replies":[{"embeddable":true,"href":"http:\/\/baraoequipamentos.com.br\/barao\/wp-json\/wp\/v2\/comments?post=432"}],"wp:featuredmedia":[{"embeddable":true,"href":"http:\/\/baraoequipamentos.com.br\/barao\/wp-json\/wp\/v2\/media\/437"}],"wp:attachment":[{"href":"http:\/\/baraoequipamentos.com.br\/barao\/wp-json\/wp\/v2\/media?parent=432"}],"curies":[{"name":"wp","href":"https:\/\/api.w.org\/{rel}","templated":true}]}}